{"id":32408,"date":"2022-12-14T06:18:16","date_gmt":"2022-12-14T05:18:16","guid":{"rendered":"https:\/\/ustock.ch\/?page_id=32408"},"modified":"2023-09-08T12:31:20","modified_gmt":"2023-09-08T10:31:20","slug":"privacy-policy","status":"publish","type":"page","link":"https:\/\/ustock.ch\/de\/datenschutzbestimmungen\/","title":{"rendered":"Datenschutzbestimmungen"},"content":{"rendered":"<div data-elementor-type=\"wp-page\" data-elementor-id=\"32408\" class=\"elementor elementor-32408\" data-elementor-post-type=\"page\">\n\t\t\t\t\t\t<section class=\"wd-negative-gap elementor-section elementor-top-section elementor-element elementor-element-7b9cfb6f elementor-section-boxed elementor-section-height-default elementor-section-height-default\" data-id=\"7b9cfb6f\" data-element_type=\"section\" data-e-type=\"section\">\n\t\t\t\t\t\t<div class=\"elementor-container elementor-column-gap-default\">\n\t\t\t\t\t<div class=\"elementor-column elementor-col-100 elementor-top-column elementor-element elementor-element-44fae24e\" data-id=\"44fae24e\" data-element_type=\"column\" data-e-type=\"column\">\n\t\t\t<div class=\"elementor-widget-wrap elementor-element-populated\">\n\t\t\t\t\t\t<div class=\"elementor-element elementor-element-6bf94673 color-scheme-inherit text-left elementor-widget elementor-widget-text-editor\" data-id=\"6bf94673\" data-element_type=\"widget\" data-e-type=\"widget\" data-widget_type=\"text-editor.default\">\n\t\t\t\t<div class=\"elementor-widget-container\">\n\t\t\t\t\t\t\t\t\t<h2>DATENSCHUTZPOLITIK<\/h2>\n<p>uStock SA ist der Betreiber der Website www.ustock.ch und der Anbieter der auf dieser Website angebotenen und beschriebenen Dienstleistungen und\/oder Produkte.<\/p>\n<p>uStock SA ist f\u00fcr die Erhebung, Verarbeitung und Nutzung Ihrer Daten verantwortlich und muss sicherstellen, dass sie das schweizerische und gegebenenfalls das europ\u00e4ische Recht einh\u00e4lt.<\/p>\n<p>Wir nehmen den Schutz Ihrer pers\u00f6nlichen Daten sehr ernst und behandeln Ihre Informationen vertraulich und in \u00dcbereinstimmung mit den geltenden Gesetzen und dieser Datenschutzrichtlinie (Privacy Policy). In dieser Richtlinie wird dargelegt, welche Daten auf dieser Website erfasst werden und wie sie verwendet werden. Au\u00dferdem wird erl\u00e4utert, wie Sie die Richtigkeit dieser Informationen \u00fcberpr\u00fcfen und die L\u00f6schung von Daten verlangen k\u00f6nnen.<\/p>\n<p>In Zusammenarbeit mit unseren Hosting-Providern unternehmen wir alle Anstrengungen, um unsere Datenbanken vor unbefugtem Zugriff, Verlust, Missbrauch oder Ver\u00e4nderung zu sch\u00fctzen. Wir weisen jedoch darauf hin, dass die Daten\u00fcbertragung im Internet (z.B. bei der Kommunikation per E-Mail) Sicherheitsl\u00fccken aufweisen kann und daher ein l\u00fcckenloser Schutz Ihrer personenbezogenen Daten vor dem Zugriff durch Dritte nicht gew\u00e4hrleistet werden kann.<\/p>\n<p>Mit der Nutzung dieser Website erkl\u00e4ren Sie sich mit der Erhebung, Verarbeitung und Nutzung Ihrer Daten wie hier beschrieben einverstanden. Der Zugriff auf diese Website ist grunds\u00e4tzlich ohne Registrierung m\u00f6glich. Daten wie die besuchten Seiten oder der Name von Dateien sowie Datum und Uhrzeit des Zugriffs werden zu statistischen Zwecken auf dem Server gespeichert, diese Daten werden jedoch nicht direkt mit Ihnen in Verbindung gebracht. Soweit auf unseren Seiten personenbezogene Daten (beispielsweise Name, Anschrift oder eMail-Adressen) erhoben werden, erfolgt dies soweit m\u00f6glich stets auf freiwilliger Basis. Ihre Daten werden nicht ohne Ihre Zustimmung an Dritte weitergegeben.<\/p>\n<h2>Umfang der Anwendung<\/h2>\n<p>Personenbezogene Daten sind alle Informationen, die sich auf eine identifizierte oder identifizierbare Person beziehen. Eine betroffene Person ist eine Person, deren personenbezogene Daten verarbeitet werden. Die Verarbeitung umfasst jeden mit personenbezogenen Daten durchgef\u00fchrten Vorgang, unabh\u00e4ngig von den verwendeten Mitteln und Verfahren, einschlie\u00dflich Speicherung, Weitergabe, Erhebung, L\u00f6schung, \u00c4nderung, Vernichtung und Verwendung.<\/p>\n<p>Wir bearbeiten Personendaten in \u00dcbereinstimmung mit dem Schweizerischen Datenschutzgesetz. Gegebenenfalls bearbeiten wir Personendaten auch nach den folgenden Rechtsgrunds\u00e4tzen in Verbindung mit Art. 6 Abs. 1 der Allgemeinen Datenschutzverordnung der Europ\u00e4ischen Union (EU-DSGVO):<\/p>\n<ul>\n<li>a) die betroffene Person ihre Einwilligung zur Verarbeitung ihrer personenbezogenen Daten f\u00fcr einen oder mehrere bestimmte Zwecke gegeben hat.<\/li>\n<li>b) die Verarbeitung ist f\u00fcr die Erf\u00fcllung eines Vertrags, dessen Vertragspartei die betroffene Person ist, oder f\u00fcr die Durchf\u00fchrung von Ma\u00dfnahmen erforderlich, die auf Antrag der betroffenen Person vor Abschluss eines Vertrags erfolgen.<\/li>\n<li>c) die Verarbeitung zur Erf\u00fcllung einer rechtlichen Verpflichtung erforderlich ist, der wir gegebenenfalls nach den geltenden Vorschriften der Europ\u00e4ischen Union oder nach dem Recht eines Staates, in dem die DSGVO ganz oder teilweise anwendbar ist, unterliegen.<\/li>\n<li>d) die Verarbeitung ist erforderlich, um lebenswichtige Interessen der betroffenen Person oder einer anderen nat\u00fcrlichen Person zu sch\u00fctzen.<\/li>\n<li>e) die Verarbeitung ist zur Wahrung unserer berechtigten Interessen oder der Interessen eines Dritten erforderlich, sofern nicht die Interessen oder Grundrechte und Grundfreiheiten der betroffenen Person, die den Schutz personenbezogener Daten erfordern, \u00fcberwiegen. Zu den berechtigten Interessen geh\u00f6ren unsere Gesch\u00e4ftsinteressen am Betrieb unserer Website und an der Erbringung unserer Dienstleistungen, die Informationssicherheit, die Durchsetzung unserer eigenen Rechte und die Einhaltung des Schweizer Rechts.<\/li>\n<\/ul>\n<div>\n<p>Wir bewahren personenbezogene Daten so lange auf, wie es notwendig ist. Wenn wir Ihre Daten langfristig aufbewahren m\u00fcssen, um unseren gesetzlichen Verpflichtungen nachzukommen, oder f\u00fcr andere Zwecke, werden wir die Verwendung Ihrer Daten so weit wie m\u00f6glich einschr\u00e4nken.<\/p>\n<\/div>\n<h2>Eingebettete Inhalte von anderen Websites<\/h2>\n<div>\n<p>Die Seiten dieser Website k\u00f6nnen eingebettete Inhalte enthalten (z. B. Raumberechnung, Artikel, Angebotstool usw.). Eingebettete Inhalte von Websites Dritter verhalten sich wie auf der genannten Website.<\/p>\n<p>Diese Websites von Drittanbietern k\u00f6nnen Daten \u00fcber Sie sammeln, ihre eigenen Cookies verwenden, zus\u00e4tzliche Trackingverfahren von Drittanbietern einbeziehen und Ihre Interaktion mit diesen eingebetteten Inhalten \u00fcberwachen, einschlie\u00dflich der \u00dcberwachung, ob Sie ein Konto haben und auf ihrer Website angemeldet sind.<\/p>\n<\/div>\n<h2><span style=\"color: var(--wd-title-color); font-family: var(--wd-title-font); font-size: 24px; font-style: var(--wd-title-font-style); font-weight: var(--wd-title-font-weight); text-transform: var(--wd-title-transform); background-color: var(--wd-main-bgcolor);\">Erhebung, Nutzung und Verarbeitung von personenbezogenen Daten<\/span><\/h2>\n<p><strong>1. Besuch unserer Website<\/strong><br \/>Wenn Sie unsere Website besuchen, werden bestimmte Daten automatisch auf unseren Servern oder auf den Servern der von uns genutzten und\/oder installierten Dienste und Produkte zur Systemverwaltung, zu statistischen oder Sicherungszwecken oder zur Nachverfolgung gespeichert. Zu diesen Daten k\u00f6nnen die folgenden geh\u00f6ren:<\/p>\n<ul>\n<li>Der Name Ihres Internetanbieters<\/li>\n<li>Ihre IP-Adresse (unter bestimmten Umst\u00e4nden)<\/li>\n<li>Ihre Browser-Version<\/li>\n<li>Das Betriebssystem des von Ihnen verwendeten Computers<\/li>\n<li>Das Datum<\/li>\n<li>Die Zeit<\/li>\n<li>Die Website, die Sie zu unserer Website weitergeleitet hat<\/li>\n<li>Die Suchbegriffe, die Sie verwendet haben, um unsere Website zu finden<\/li>\n<\/ul>\n<p>Je nach den Umst\u00e4nden k\u00f6nnen diese Daten R\u00fcckschl\u00fcsse auf einen bestimmten Besucher zulassen. Personenbezogene Daten werden in diesem Zusammenhang jedoch nicht verwendet.<\/p>\n<p><strong>2. Wenn Sie das Kontaktformular ausf\u00fcllen, um ein Angebot zu erhalten oder unseren Newsletter zu abonnieren<\/strong><br \/>Wenn Sie sich mit uns in Verbindung setzen, m\u00fcssen Sie die folgenden Informationen angeben:<\/p>\n<ul>\n<li>\u00a0Ihr Vor- und Nachname<\/li>\n<li>Ihre Telefonnummer<\/li>\n<li>Ihre E-Mail Adresse<\/li>\n<li>Ihre bevorzugte Speichergr\u00f6\u00dfe und wie lange Sie sie ben\u00f6tigen<\/li>\n<li>Ihre Nachricht<\/li>\n<\/ul>\n<p>Diese Daten werden ausschlie\u00dflich dazu verwendet, Ihre Kontaktanfrage zu bearbeiten bzw. Ihr Angebot zu erstellen oder Ihnen, sofern Sie sich daf\u00fcr entscheiden, unseren Newsletter zuzusenden. Indem Sie das Formular ausf\u00fcllen und das entsprechende K\u00e4stchen f\u00fcr den Newsletter ankreuzen, erm\u00e4chtigen Sie uns, die angegebenen Daten f\u00fcr die regelm\u00e4\u00dfige Zusendung unseres Newsletters an die angegebene E-Mail-Adresse zu verarbeiten.<br \/>Wir k\u00f6nnen f\u00fcr unsere Marketingkampagnen auch mit Dritten zusammenarbeiten und Ihre Daten f\u00fcr die damit verbundenen technischen Zwecke an diese weitergeben. Sie k\u00f6nnen dieser Datenverarbeitung jederzeit widersprechen.<\/p>\n<p><strong>3. Serviceanfragen und -auftr\u00e4ge<\/strong><br \/>Wenn Sie unsere Dienstleistungen oder Produkte anfordern, erheben und verwenden wir Ihre pers\u00f6nlichen Daten, wie Ihren Vor- und Nachnamen, Ihre Adresse, Ihre E-Mail-Adresse, Ihre Zahlungsdaten und m\u00f6glicherweise weitere Daten wie Telefonnummern, Ihr Geburtsdatum und andere Daten, die Sie uns freiwillig zur Verf\u00fcgung gestellt haben. Ihre Daten k\u00f6nnen auch durch Daten erg\u00e4nzt werden, die wir von Dritten erhalten haben.<\/p>\n<p>Indem Sie unsere Dienstleistungen oder Produkte anfordern und Ihre Daten auf unserer Website eingeben, erkl\u00e4ren Sie sich mit der Verwendung dieser Daten zu diesem Zweck einverstanden.<\/p>\n<p><strong>4. Weitergabe Ihrer Daten an Dritte<\/strong><br \/>Eine Weitergabe Ihrer Daten an unsere Partner (Dritte) erfolgt nur, soweit dies zur Abwicklung Ihrer Auftr\u00e4ge erforderlich ist. Soweit wir Daten an externe Dienstleister weitergeben, wird durch technische und organisatorische Ma\u00dfnahmen sichergestellt, dass die Weitergabe im Einklang mit den datenschutzrechtlichen Bestimmungen steht. Wenn Sie uns freiwillig pers\u00f6nliche oder unternehmensbezogene Daten zur Verf\u00fcgung stellen, werden wir diese Daten nicht \u00fcber den gesetzlich zul\u00e4ssigen oder von Ihnen bei der Einwilligung angegebenen Umfang hinaus nutzen, verarbeiten oder weitergeben. Wir geben Ihre Daten nur dann an externe Dienstleister weiter, wenn dies im Rahmen Ihres Vertrages erforderlich ist und diese sich zu entsprechenden Vertraulichkeits- und Sorgfaltspflichten verpflichtet haben. Dar\u00fcber hinaus werden wir Ihre Daten nur dann weitergeben, wenn wir durch Gesetz, beh\u00f6rdliche Anordnung oder Gerichtsbeschluss dazu verpflichtet sind.<\/p>\n<p>uStock SA kann Ihre Daten an Drittunternehmen ausserhalb der Schweiz weitergeben, wenn dies f\u00fcr die Bearbeitung Ihrer Anfragen, die Erbringung von Dienstleistungen und f\u00fcr Marketingaktionen notwendig ist. Diese Drittunternehmen sind an die gleiche Politik wie uStock gebunden, um die Privatsph\u00e4re der Nutzer zu respektieren.<\/p>\n<h2>Marketing- und Tracking-Tools<\/h2>\n<p>uStock SA verwendet auf ihrer Website zu Marketingzwecken Retargeting-Technologien und Werbeintegrationen (z.B. \u00fcber Dienste von Google und Meta), wobei das Nutzerverhalten auf der Website analysiert wird, um die Werbung auf Partner-Websites anzupassen. Das Verhalten eines jeden Nutzers wird unter einem Pseudonym aufgezeichnet.<\/p>\n<p>Die meisten Retargeting-Technologien verwenden Cookies. Wir verwenden Cookies auf der Grundlage unseres berechtigten Interesses am Direktmarketing und an der Analyse der Nutzung unserer Website. Die Nutzer k\u00f6nnen das Retargeting jederzeit blockieren, indem sie die entsprechenden Cookies in ihrem Internetbrowser-Men\u00fc ablehnen oder deaktivieren.<\/p>\n<p>Wir verwenden Tracking-Tools wie Google Analytics und Google Adwords. Die gesammelten Informationen werden verwendet, um die Nutzung unserer Website auszuwerten, um Berichte \u00fcber die Website-Aktivit\u00e4ten zusammenzustellen und um gegebenenfalls weitere damit verbundene Dienstleistungen zum Zwecke der Marktforschung und der Website-Gestaltung zu erbringen. Auch werden diese Informationen gegebenenfalls an Dritte \u00fcbertragen, sofern dies gesetzlich vorgeschrieben oder soweit Dritte diese Daten im Auftrag von Google verarbeiten. Google erkl\u00e4rt, dass IP-Adressen nicht mit anderen Nutzerdaten verkn\u00fcpft werden.<\/p>\n<h2>Cookies<\/h2>\n<p>Cookies tragen in vielerlei Hinsicht dazu bei, Ihren Besuch auf unserer Website einfacher, angenehmer und sinnvoller zu gestalten. Ein Cookie ist eine kleine Menge von Informationen, die Ihr Webbrowser automatisch auf der Festplatte Ihres Computers speichert, wenn Sie unsere Website besuchen.<\/p>\n<p>Die meisten Webbrowser akzeptieren Cookies automatisch. Sie k\u00f6nnen jedoch Ihre Browsereinstellungen so \u00e4ndern, dass keine Cookies auf Ihrem Computer gespeichert werden.<\/p>\n<p>Die Deaktivierung von Cookies kann dazu f\u00fchren, dass Sie einige der Funktionen unserer Website nicht nutzen k\u00f6nnen.<\/p>\n<h2>Ihre Rechte<\/h2>\n<p>Sie k\u00f6nnen jederzeit Einsicht in die \u00fcber Sie gespeicherten Daten beantragen. Senden Sie dazu bitte eine Informationsanfrage per E-Mail an die unten stehende Adresse und f\u00fcgen Sie einen Ausweis bei.<\/p>\n<p>Sie haben das Recht, jederzeit die L\u00f6schung oder Berichtigung Ihrer Daten zu verlangen. Sie haben auch das Recht, Ihre Zustimmung zur k\u00fcnftigen Nutzung oder Verarbeitung Ihrer personenbezogenen Daten jederzeit zu widerrufen.<\/p>\n<p>Die von uns gespeicherten Daten werden gel\u00f6scht, wenn sie f\u00fcr den angegebenen Zweck nicht mehr erforderlich sind. Es kann jedoch sein, dass wir bestimmte Daten aufgrund gesetzlicher Vorgaben aufbewahren m\u00fcssen. Wir nehmen diese Verpflichtung ernst. Wenn Sie w\u00fcnschen, dass Daten, die diesen gesetzlichen Anforderungen unterliegen, gel\u00f6scht werden, werden die Daten in unserem System gesperrt und nur zur Erf\u00fcllung der genannten gesetzlichen Anforderungen verwendet. Nach Ablauf der Aufbewahrungsfrist werden wir Ihrem Antrag auf L\u00f6schung nachkommen.<\/p>\n<p>Wenn Ihre personenbezogenen Daten auf der Grundlage eines berechtigten Interesses verarbeitet werden (siehe Anwendungsbereich oben), haben Sie das Recht, der Verarbeitung Ihrer personenbezogenen Daten aus Gr\u00fcnden, die sich auf Ihre besondere Situation beziehen, oder zu Zwecken des Direktmarketings zu widersprechen. Im Falle von Marketing haben Sie das Recht, jederzeit und ohne Angabe von Gr\u00fcnden zu widersprechen, und wir werden Ihre Daten nicht mehr f\u00fcr diesen Zweck verarbeiten.<\/p>\n<p>Dar\u00fcber hinaus haben Sie das Recht, auf die uns von Ihnen zur Verf\u00fcgung gestellten personenbezogenen Daten zuzugreifen oder deren \u00dcbermittlung an eine andere Person zu verlangen, indem Sie eine E-Mail an <strong>hello@ustock.ch<\/strong>. Sollte diese Aktion unverh\u00e4ltnism\u00e4\u00dfig hohe Kosten verursachen, behalten wir uns das Recht vor, einen Identit\u00e4tsnachweis und die Bezahlung dieser Kosten im Voraus zu verlangen.<\/p>\n<h2>Kontakt<\/h2>\n<p>Kontaktieren Sie uns unten:<br \/>uStock SA<br \/>Route du Grand St-Bernard 21<br \/>1921 Martigny-Croix<br \/><strong><a href=\"http:\/\/callto:+41800800801\" target=\"_blank\" rel=\"noopener\">0800 800 801<\/a><\/strong><br \/><strong><a style=\"font-size: 16px; background-color: var(--wd-main-bgcolor);\" href=\"mailto:hello@ustock.ch\">hello@ustock.ch<\/a><\/strong><br \/><strong><a style=\"font-size: 16px; background-color: var(--wd-main-bgcolor);\" href=\"https:\/\/ustock.ch\/de\/\">www.ustock.ch<\/a><\/strong><\/p>\n<h2>\u00c4nderung dieser Datenerkl\u00e4rung<\/h2>\n<p>Wir k\u00f6nnen diese Datenschutzrichtlinie (Privacy Policy) jederzeit \u00e4ndern oder erg\u00e4nzen. Sie k\u00f6nnen die aktuelle Richtlinie einsehen unter <a href=\"https:\/\/ustock.ch\/de\/datenschutzbestimmungen\/\"><strong>www.ustock.ch\/privacypolicy<\/strong><\/a><\/p>\n<p>Martigny, 2. November 2022<\/p>\n<p><!-- \/wp:heading --><!-- wp:paragraph --><\/p>\n<p><!-- \/wp:paragraph --><\/p>\t\t\t\t\t\t\t\t<\/div>\n\t\t\t\t<\/div>\n\t\t\t\t\t<\/div>\n\t\t<\/div>\n\t\t\t\t\t<\/div>\n\t\t<\/section>\n\t\t\t\t<\/div>","protected":false},"excerpt":{"rendered":"<p>DATENSCHUTZERKL\u00c4RUNG uStock SA ist der Betreiber der Website www.ustock.ch und Anbieter der angebotenen Dienstleistungen und\/oder Produkte<\/p>","protected":false},"author":8,"featured_media":0,"parent":0,"menu_order":0,"comment_status":"closed","ping_status":"closed","template":"","meta":{"footnotes":""},"class_list":["post-32408","page","type-page","status-publish","hentry"],"yoast_head":"<!-- This site is optimized with the Yoast SEO plugin v27.4 - https:\/\/yoast.com\/product\/yoast-seo-wordpress\/ -->\n<title>Privacy Policy - uStock Self Storage<\/title>\n<meta name=\"description\" content=\"At uStock, we know privacy is important to you, it is to us too. That&#039;s why we&#039;re committed to maintaining your trust by protecting your privacy.\" \/>\n<meta name=\"robots\" content=\"index, follow, max-snippet:-1, max-image-preview:large, max-video-preview:-1\" \/>\n<link rel=\"canonical\" href=\"https:\/\/ustock.ch\/de\/politique-de-confidentialite\/\" \/>\n<meta property=\"og:locale\" content=\"de_DE\" \/>\n<meta property=\"og:type\" content=\"article\" \/>\n<meta property=\"og:title\" content=\"Privacy Policy - uStock Self Storage\" \/>\n<meta property=\"og:description\" content=\"At uStock, we know privacy is important to you, it is to us too. That&#039;s why we&#039;re committed to maintaining your trust by protecting your privacy.\" \/>\n<meta property=\"og:url\" content=\"https:\/\/ustock.ch\/de\/politique-de-confidentialite\/\" \/>\n<meta property=\"og:site_name\" content=\"uStock Self Storage\" \/>\n<meta property=\"article:modified_time\" content=\"2023-09-08T10:31:20+00:00\" \/>\n<meta name=\"twitter:card\" content=\"summary_large_image\" \/>\n<meta name=\"twitter:label1\" content=\"Gesch\u00e4tzte Lesezeit\" \/>\n\t<meta name=\"twitter:data1\" content=\"8\u00a0Minuten\" \/>\n<script type=\"application\/ld+json\" class=\"yoast-schema-graph\">{\"@context\":\"https:\\\/\\\/schema.org\",\"@graph\":[{\"@type\":\"WebPage\",\"@id\":\"https:\\\/\\\/ustock.ch\\\/politique-de-confidentialite\\\/\",\"url\":\"https:\\\/\\\/ustock.ch\\\/politique-de-confidentialite\\\/\",\"name\":\"Privacy Policy - uStock Self Storage\",\"isPartOf\":{\"@id\":\"http:\\\/\\\/ustock.ch\\\/fr\\\/#website\"},\"datePublished\":\"2022-12-14T05:18:16+00:00\",\"dateModified\":\"2023-09-08T10:31:20+00:00\",\"description\":\"At uStock, we know privacy is important to you, it is to us too. That's why we're committed to maintaining your trust by protecting your privacy.\",\"breadcrumb\":{\"@id\":\"https:\\\/\\\/ustock.ch\\\/politique-de-confidentialite\\\/#breadcrumb\"},\"inLanguage\":\"de-CH\",\"potentialAction\":[{\"@type\":\"ReadAction\",\"target\":[\"https:\\\/\\\/ustock.ch\\\/politique-de-confidentialite\\\/\"]}]},{\"@type\":\"BreadcrumbList\",\"@id\":\"https:\\\/\\\/ustock.ch\\\/politique-de-confidentialite\\\/#breadcrumb\",\"itemListElement\":[{\"@type\":\"ListItem\",\"position\":1,\"name\":\"Home\",\"item\":\"https:\\\/\\\/ustock.ch\\\/\"},{\"@type\":\"ListItem\",\"position\":2,\"name\":\"Privacy Policy\"}]},{\"@type\":\"WebSite\",\"@id\":\"http:\\\/\\\/ustock.ch\\\/fr\\\/#website\",\"url\":\"http:\\\/\\\/ustock.ch\\\/fr\\\/\",\"name\":\"uStock Self Storage\",\"description\":\"\",\"potentialAction\":[{\"@type\":\"SearchAction\",\"target\":{\"@type\":\"EntryPoint\",\"urlTemplate\":\"http:\\\/\\\/ustock.ch\\\/fr\\\/?s={search_term_string}\"},\"query-input\":{\"@type\":\"PropertyValueSpecification\",\"valueRequired\":true,\"valueName\":\"search_term_string\"}}],\"inLanguage\":\"de-CH\"}]}<\/script>\n<!-- \/ Yoast SEO plugin. -->","yoast_head_json":{"title":"Datenschutzrichtlinie - uStock Self Storage","description":"Wir bei uStock wissen, dass der Datenschutz f\u00fcr Sie wichtig ist, und das ist er auch f\u00fcr uns. Deshalb sind wir bestrebt, Ihr Vertrauen zu erhalten, indem wir Ihre Privatsph\u00e4re sch\u00fctzen.","robots":{"index":"index","follow":"follow","max-snippet":"max-snippet:-1","max-image-preview":"max-image-preview:large","max-video-preview":"max-video-preview:-1"},"canonical":"https:\/\/ustock.ch\/de\/politique-de-confidentialite\/","og_locale":"de_DE","og_type":"article","og_title":"Privacy Policy - uStock Self Storage","og_description":"At uStock, we know privacy is important to you, it is to us too. That's why we're committed to maintaining your trust by protecting your privacy.","og_url":"https:\/\/ustock.ch\/de\/politique-de-confidentialite\/","og_site_name":"uStock Self Storage","article_modified_time":"2023-09-08T10:31:20+00:00","twitter_card":"summary_large_image","twitter_misc":{"Gesch\u00e4tzte Lesezeit":"8\u00a0Minuten"},"schema":{"@context":"https:\/\/schema.org","@graph":[{"@type":"WebPage","@id":"https:\/\/ustock.ch\/politique-de-confidentialite\/","url":"https:\/\/ustock.ch\/politique-de-confidentialite\/","name":"Datenschutzrichtlinie - uStock Self Storage","isPartOf":{"@id":"http:\/\/ustock.ch\/fr\/#website"},"datePublished":"2022-12-14T05:18:16+00:00","dateModified":"2023-09-08T10:31:20+00:00","description":"Wir bei uStock wissen, dass der Datenschutz f\u00fcr Sie wichtig ist, und das ist er auch f\u00fcr uns. Deshalb sind wir bestrebt, Ihr Vertrauen zu erhalten, indem wir Ihre Privatsph\u00e4re sch\u00fctzen.","breadcrumb":{"@id":"https:\/\/ustock.ch\/politique-de-confidentialite\/#breadcrumb"},"inLanguage":"de-CH","potentialAction":[{"@type":"ReadAction","target":["https:\/\/ustock.ch\/politique-de-confidentialite\/"]}]},{"@type":"BreadcrumbList","@id":"https:\/\/ustock.ch\/politique-de-confidentialite\/#breadcrumb","itemListElement":[{"@type":"ListItem","position":1,"name":"Home","item":"https:\/\/ustock.ch\/"},{"@type":"ListItem","position":2,"name":"Privacy Policy"}]},{"@type":"WebSite","@id":"http:\/\/ustock.ch\/fr\/#website","url":"http:\/\/ustock.ch\/fr\/","name":"uStock Self Storage","description":"","potentialAction":[{"@type":"SearchAction","target":{"@type":"EntryPoint","urlTemplate":"http:\/\/ustock.ch\/fr\/?s={search_term_string}"},"query-input":{"@type":"PropertyValueSpecification","valueRequired":true,"valueName":"search_term_string"}}],"inLanguage":"de-CH"}]}},"_links":{"self":[{"href":"https:\/\/ustock.ch\/de\/wp-json\/wp\/v2\/pages\/32408","targetHints":{"allow":["GET"]}}],"collection":[{"href":"https:\/\/ustock.ch\/de\/wp-json\/wp\/v2\/pages"}],"about":[{"href":"https:\/\/ustock.ch\/de\/wp-json\/wp\/v2\/types\/page"}],"author":[{"embeddable":true,"href":"https:\/\/ustock.ch\/de\/wp-json\/wp\/v2\/users\/8"}],"replies":[{"embeddable":true,"href":"https:\/\/ustock.ch\/de\/wp-json\/wp\/v2\/comments?post=32408"}],"version-history":[{"count":17,"href":"https:\/\/ustock.ch\/de\/wp-json\/wp\/v2\/pages\/32408\/revisions"}],"predecessor-version":[{"id":33389,"href":"https:\/\/ustock.ch\/de\/wp-json\/wp\/v2\/pages\/32408\/revisions\/33389"}],"wp:attachment":[{"href":"https:\/\/ustock.ch\/de\/wp-json\/wp\/v2\/media?parent=32408"}],"curies":[{"name":"wp","href":"https:\/\/api.w.org\/{rel}","templated":true}]}}