{"id":8868,"date":"2021-11-04T17:37:10","date_gmt":"2021-11-04T16:37:10","guid":{"rendered":"http:\/\/dummy.xtemos.com\/woodmart2\/elementor\/?page_id=8868"},"modified":"2023-01-02T00:17:26","modified_gmt":"2023-01-01T23:17:26","slug":"maintenance","status":"publish","type":"page","link":"https:\/\/ustock.ch\/de\/wartung\/","title":{"rendered":"Wartung"},"content":{"rendered":"<div data-elementor-type=\"wp-page\" data-elementor-id=\"8868\" class=\"elementor elementor-8868\" data-elementor-post-type=\"page\">\n\t\t\t\t\t\t<section class=\"elementor-section elementor-top-section elementor-element elementor-element-661de0 elementor-section-height-full wd-section-stretch-content elementor-section-boxed elementor-section-height-default elementor-section-items-middle\" data-id=\"661de0\" data-element_type=\"section\" data-e-type=\"section\" data-settings=\"{&quot;background_background&quot;:&quot;classic&quot;}\">\n\t\t\t\t\t\t\t<div class=\"elementor-background-overlay\"><\/div>\n\t\t\t\t\t\t\t<div class=\"elementor-container elementor-column-gap-default\">\n\t\t\t\t\t<div class=\"elementor-column elementor-col-100 elementor-top-column elementor-element elementor-element-2e0226a9 color-scheme-light\" data-id=\"2e0226a9\" data-element_type=\"column\" data-e-type=\"column\">\n\t\t\t<div class=\"elementor-widget-wrap elementor-element-populated\">\n\t\t\t\t\t\t<div class=\"elementor-element elementor-element-6720ae3b elementor-widget elementor-widget-wd_image_or_svg\" data-id=\"6720ae3b\" data-element_type=\"widget\" data-e-type=\"widget\" data-widget_type=\"wd_image_or_svg.default\">\n\t\t\t\t<div class=\"elementor-widget-container\">\n\t\t\t\t\t\n\t\t<div class=\"wd-image text-center\">\n\t\t\t\t\t\t\t\t<img decoding=\"async\" width=\"150\" height=\"150\" src=\"https:\/\/ustock.ch\/wp-content\/uploads\/2022\/12\/K-Ustock-About-U-Stock-min-150x150.png\" class=\"attachment-thumbnail size-thumbnail\" alt=\"\" srcset=\"https:\/\/ustock.ch\/wp-content\/uploads\/2022\/12\/K-Ustock-About-U-Stock-min-150x150.png 150w, https:\/\/ustock.ch\/wp-content\/uploads\/2022\/12\/K-Ustock-About-U-Stock-min-300x300.png 300w, https:\/\/ustock.ch\/wp-content\/uploads\/2022\/12\/K-Ustock-About-U-Stock-min-430x430.png 430w, https:\/\/ustock.ch\/wp-content\/uploads\/2022\/12\/K-Ustock-About-U-Stock-min.png 580w\" sizes=\"(max-width: 150px) 100vw, 150px\" \/>\t\t\t\t\t<\/div>\n\n\t\t\t\t\t\t<\/div>\n\t\t\t\t<\/div>\n\t\t\t\t<div class=\"elementor-element elementor-element-501a271c wd-width-100 elementor-widget elementor-widget-wd_title\" data-id=\"501a271c\" data-element_type=\"widget\" data-e-type=\"widget\" data-widget_type=\"wd_title.default\">\n\t\t\t\t<div class=\"elementor-widget-container\">\n\t\t\t\t\t\t\t<div class=\"title-wrapper wd-set-mb reset-last-child wd-title-color-default wd-title-style-default wd-title-size-default text-center\">\n\n\t\t\t\n\t\t\t<div class=\"liner-continer\">\n\t\t\t\t<h2 class=\"woodmart-title-container title wd-fontsize-l\">\u00c0 tout bient\u00f4t!<\/h2> \n\t\t\t\t\t\t\t<\/div>\n\n\t\t\t\t\t<\/div>\n\t\t\t\t\t\t<\/div>\n\t\t\t\t<\/div>\n\t\t\t\t<div class=\"elementor-element elementor-element-43fe9d02 elementor-widget-divider--view-line elementor-widget elementor-widget-divider\" data-id=\"43fe9d02\" data-element_type=\"widget\" data-e-type=\"widget\" data-widget_type=\"divider.default\">\n\t\t\t\t<div class=\"elementor-widget-container\">\n\t\t\t\t\t\t\t<div class=\"elementor-divider\">\n\t\t\t<span class=\"elementor-divider-separator\">\n\t\t\t\t\t\t<\/span>\n\t\t<\/div>\n\t\t\t\t\t\t<\/div>\n\t\t\t\t<\/div>\n\t\t\t\t<div class=\"elementor-element elementor-element-35f36d90 elementor-widget elementor-widget-wd_text_block\" data-id=\"35f36d90\" data-element_type=\"widget\" data-e-type=\"widget\" data-widget_type=\"wd_text_block.default\">\n\t\t\t\t<div class=\"elementor-widget-container\">\n\t\t\t\t\t\t\t<div class=\"wd-text-block reset-last-child text-center color-scheme-light\">\n\t\t\t\n\t\t\t<p>Geduld, vous en saurez plus tr\u00e8s vite. Nous ouvrons prochainement.<\/p>\n\t\t\t\t\t<\/div>\n\t\t\t\t\t\t<\/div>\n\t\t\t\t<\/div>\n\t\t\t\t\t<\/div>\n\t\t<\/div>\n\t\t\t\t\t<\/div>\n\t\t<\/section>\n\t\t\t\t<\/div>","protected":false},"excerpt":{"rendered":"<p>\u00c0 tout bient\u00f4t ! Patience, vous en saurez plus tr\u00e8s vite. Nous ouvrons prochainement.<\/p>","protected":false},"author":8,"featured_media":0,"parent":0,"menu_order":0,"comment_status":"closed","ping_status":"closed","template":"maintenance.php","meta":{"footnotes":""},"class_list":["post-8868","page","type-page","status-publish","hentry"],"yoast_head":"<!-- This site is optimized with the Yoast SEO plugin v27.3 - https:\/\/yoast.com\/product\/yoast-seo-wordpress\/ -->\n<title>Maintenance - uStock Self Storage<\/title>\n<meta name=\"description\" content=\"We are updating our website, please come back later :)\" \/>\n<meta name=\"robots\" content=\"index, follow, max-snippet:-1, max-image-preview:large, max-video-preview:-1\" \/>\n<link rel=\"canonical\" href=\"https:\/\/ustock.ch\/de\/wartung\/\" \/>\n<meta property=\"og:locale\" content=\"de_DE\" \/>\n<meta property=\"og:type\" content=\"article\" \/>\n<meta property=\"og:title\" content=\"Maintenance - uStock Self Storage\" \/>\n<meta property=\"og:description\" content=\"We are updating our website, please come back later :)\" \/>\n<meta property=\"og:url\" content=\"https:\/\/ustock.ch\/de\/wartung\/\" \/>\n<meta property=\"og:site_name\" content=\"uStock Self Storage\" \/>\n<meta property=\"article:modified_time\" content=\"2023-01-01T23:17:26+00:00\" \/>\n<meta property=\"og:image\" content=\"https:\/\/ustock.ch\/wp-content\/uploads\/2022\/12\/K-Ustock-About-U-Stock-min-150x150.png\" \/>\n<meta name=\"twitter:card\" content=\"summary_large_image\" \/>\n<meta name=\"twitter:label1\" content=\"Gesch\u00e4tzte Lesezeit\" \/>\n\t<meta name=\"twitter:data1\" content=\"1\u00a0Minute\" \/>\n<script type=\"application\/ld+json\" class=\"yoast-schema-graph\">{\"@context\":\"https:\\\/\\\/schema.org\",\"@graph\":[{\"@type\":\"WebPage\",\"@id\":\"https:\\\/\\\/ustock.ch\\\/maintenance\\\/\",\"url\":\"https:\\\/\\\/ustock.ch\\\/maintenance\\\/\",\"name\":\"Maintenance - uStock Self Storage\",\"isPartOf\":{\"@id\":\"http:\\\/\\\/ustock.ch\\\/fr\\\/#website\"},\"primaryImageOfPage\":{\"@id\":\"https:\\\/\\\/ustock.ch\\\/maintenance\\\/#primaryimage\"},\"image\":{\"@id\":\"https:\\\/\\\/ustock.ch\\\/maintenance\\\/#primaryimage\"},\"thumbnailUrl\":\"https:\\\/\\\/ustock.ch\\\/wp-content\\\/uploads\\\/2022\\\/12\\\/K-Ustock-About-U-Stock-min-150x150.png\",\"datePublished\":\"2021-11-04T16:37:10+00:00\",\"dateModified\":\"2023-01-01T23:17:26+00:00\",\"description\":\"We are updating our website, please come back later :)\",\"breadcrumb\":{\"@id\":\"https:\\\/\\\/ustock.ch\\\/maintenance\\\/#breadcrumb\"},\"inLanguage\":\"de-CH\",\"potentialAction\":[{\"@type\":\"ReadAction\",\"target\":[\"https:\\\/\\\/ustock.ch\\\/maintenance\\\/\"]}]},{\"@type\":\"ImageObject\",\"inLanguage\":\"de-CH\",\"@id\":\"https:\\\/\\\/ustock.ch\\\/maintenance\\\/#primaryimage\",\"url\":\"https:\\\/\\\/ustock.ch\\\/wp-content\\\/uploads\\\/2022\\\/12\\\/K-Ustock-About-U-Stock-min-150x150.png\",\"contentUrl\":\"https:\\\/\\\/ustock.ch\\\/wp-content\\\/uploads\\\/2022\\\/12\\\/K-Ustock-About-U-Stock-min-150x150.png\"},{\"@type\":\"BreadcrumbList\",\"@id\":\"https:\\\/\\\/ustock.ch\\\/maintenance\\\/#breadcrumb\",\"itemListElement\":[{\"@type\":\"ListItem\",\"position\":1,\"name\":\"Home\",\"item\":\"https:\\\/\\\/ustock.ch\\\/en\\\/\"},{\"@type\":\"ListItem\",\"position\":2,\"name\":\"Maintenance\"}]},{\"@type\":\"WebSite\",\"@id\":\"http:\\\/\\\/ustock.ch\\\/fr\\\/#website\",\"url\":\"http:\\\/\\\/ustock.ch\\\/fr\\\/\",\"name\":\"uStock Self Storage\",\"description\":\"\",\"potentialAction\":[{\"@type\":\"SearchAction\",\"target\":{\"@type\":\"EntryPoint\",\"urlTemplate\":\"http:\\\/\\\/ustock.ch\\\/fr\\\/?s={search_term_string}\"},\"query-input\":{\"@type\":\"PropertyValueSpecification\",\"valueRequired\":true,\"valueName\":\"search_term_string\"}}],\"inLanguage\":\"de-CH\"}]}<\/script>\n<!-- \/ Yoast SEO plugin. -->","yoast_head_json":{"title":"Wartung - uStock Self Storage","description":"Wir sind dabei, unsere Website zu aktualisieren, bitte schauen Sie sp\u00e4ter wieder vorbei :)","robots":{"index":"index","follow":"follow","max-snippet":"max-snippet:-1","max-image-preview":"max-image-preview:large","max-video-preview":"max-video-preview:-1"},"canonical":"https:\/\/ustock.ch\/de\/wartung\/","og_locale":"de_DE","og_type":"article","og_title":"Maintenance - uStock Self Storage","og_description":"We are updating our website, please come back later :)","og_url":"https:\/\/ustock.ch\/de\/wartung\/","og_site_name":"uStock Self Storage","article_modified_time":"2023-01-01T23:17:26+00:00","og_image":[{"url":"https:\/\/ustock.ch\/wp-content\/uploads\/2022\/12\/K-Ustock-About-U-Stock-min-150x150.png","type":"","width":"","height":""}],"twitter_card":"summary_large_image","twitter_misc":{"Gesch\u00e4tzte Lesezeit":"1\u00a0Minute"},"schema":{"@context":"https:\/\/schema.org","@graph":[{"@type":"WebPage","@id":"https:\/\/ustock.ch\/maintenance\/","url":"https:\/\/ustock.ch\/maintenance\/","name":"Wartung - uStock Self Storage","isPartOf":{"@id":"http:\/\/ustock.ch\/fr\/#website"},"primaryImageOfPage":{"@id":"https:\/\/ustock.ch\/maintenance\/#primaryimage"},"image":{"@id":"https:\/\/ustock.ch\/maintenance\/#primaryimage"},"thumbnailUrl":"https:\/\/ustock.ch\/wp-content\/uploads\/2022\/12\/K-Ustock-About-U-Stock-min-150x150.png","datePublished":"2021-11-04T16:37:10+00:00","dateModified":"2023-01-01T23:17:26+00:00","description":"Wir sind dabei, unsere Website zu aktualisieren, bitte schauen Sie sp\u00e4ter wieder vorbei :)","breadcrumb":{"@id":"https:\/\/ustock.ch\/maintenance\/#breadcrumb"},"inLanguage":"de-CH","potentialAction":[{"@type":"ReadAction","target":["https:\/\/ustock.ch\/maintenance\/"]}]},{"@type":"ImageObject","inLanguage":"de-CH","@id":"https:\/\/ustock.ch\/maintenance\/#primaryimage","url":"https:\/\/ustock.ch\/wp-content\/uploads\/2022\/12\/K-Ustock-About-U-Stock-min-150x150.png","contentUrl":"https:\/\/ustock.ch\/wp-content\/uploads\/2022\/12\/K-Ustock-About-U-Stock-min-150x150.png"},{"@type":"BreadcrumbList","@id":"https:\/\/ustock.ch\/maintenance\/#breadcrumb","itemListElement":[{"@type":"ListItem","position":1,"name":"Home","item":"https:\/\/ustock.ch\/en\/"},{"@type":"ListItem","position":2,"name":"Maintenance"}]},{"@type":"WebSite","@id":"http:\/\/ustock.ch\/fr\/#website","url":"http:\/\/ustock.ch\/fr\/","name":"uStock Self Storage","description":"","potentialAction":[{"@type":"SearchAction","target":{"@type":"EntryPoint","urlTemplate":"http:\/\/ustock.ch\/fr\/?s={search_term_string}"},"query-input":{"@type":"PropertyValueSpecification","valueRequired":true,"valueName":"search_term_string"}}],"inLanguage":"de-CH"}]}},"_links":{"self":[{"href":"https:\/\/ustock.ch\/de\/wp-json\/wp\/v2\/pages\/8868","targetHints":{"allow":["GET"]}}],"collection":[{"href":"https:\/\/ustock.ch\/de\/wp-json\/wp\/v2\/pages"}],"about":[{"href":"https:\/\/ustock.ch\/de\/wp-json\/wp\/v2\/types\/page"}],"author":[{"embeddable":true,"href":"https:\/\/ustock.ch\/de\/wp-json\/wp\/v2\/users\/8"}],"replies":[{"embeddable":true,"href":"https:\/\/ustock.ch\/de\/wp-json\/wp\/v2\/comments?post=8868"}],"version-history":[{"count":57,"href":"https:\/\/ustock.ch\/de\/wp-json\/wp\/v2\/pages\/8868\/revisions"}],"predecessor-version":[{"id":32655,"href":"https:\/\/ustock.ch\/de\/wp-json\/wp\/v2\/pages\/8868\/revisions\/32655"}],"wp:attachment":[{"href":"https:\/\/ustock.ch\/de\/wp-json\/wp\/v2\/media?parent=8868"}],"curies":[{"name":"wp","href":"https:\/\/api.w.org\/{rel}","templated":true}]}}