{"id":32408,"date":"2022-12-14T06:18:16","date_gmt":"2022-12-14T05:18:16","guid":{"rendered":"https:\/\/ustock.ch\/?page_id=32408"},"modified":"2023-09-08T12:31:20","modified_gmt":"2023-09-08T10:31:20","slug":"privacy-policy","status":"publish","type":"page","link":"https:\/\/ustock.ch\/fr\/politique-de-confidentialite\/","title":{"rendered":"Politique de confidentialit\u00e9"},"content":{"rendered":"<div data-elementor-type=\"wp-page\" data-elementor-id=\"32408\" class=\"elementor elementor-32408\" data-elementor-post-type=\"page\">\n\t\t\t\t\t\t<section class=\"wd-negative-gap elementor-section elementor-top-section elementor-element elementor-element-7b9cfb6f elementor-section-boxed elementor-section-height-default elementor-section-height-default\" data-id=\"7b9cfb6f\" data-element_type=\"section\" data-e-type=\"section\">\n\t\t\t\t\t\t<div class=\"elementor-container elementor-column-gap-default\">\n\t\t\t\t\t<div class=\"elementor-column elementor-col-100 elementor-top-column elementor-element elementor-element-44fae24e\" data-id=\"44fae24e\" data-element_type=\"column\" data-e-type=\"column\">\n\t\t\t<div class=\"elementor-widget-wrap elementor-element-populated\">\n\t\t\t\t\t\t<div class=\"elementor-element elementor-element-6bf94673 color-scheme-inherit text-left elementor-widget elementor-widget-text-editor\" data-id=\"6bf94673\" data-element_type=\"widget\" data-e-type=\"widget\" data-widget_type=\"text-editor.default\">\n\t\t\t\t<div class=\"elementor-widget-container\">\n\t\t\t\t\t\t\t\t\t<h2>POLITIQUE DE CONFIDENTIALIT\u00c9<\/h2>\n<p>uStock SA est l'op\u00e9rateur du site web www.ustock.ch et le fournisseur des services et\/ou produits offerts et d\u00e9crits sur ce ledit site web.<\/p>\n<p>uStock SA est responsable de la collecte, du traitement et de l'utilisation de vos donn\u00e9es et doit s'assurer qu'elle respecte le droit suisse et, le cas \u00e9ch\u00e9ant, europ\u00e9en.<\/p>\n<p>Nous prenons la protection de vos donn\u00e9es personnelles tr\u00e8s au s\u00e9rieux et gardons vos informations confidentielles, conform\u00e9ment aux lois applicables et \u00e0 la pr\u00e9sente politique de protection des donn\u00e9es (politique de confidentialit\u00e9). Cette politique d\u00e9crit les donn\u00e9es qui sont collect\u00e9es sur ce site web et la mani\u00e8re dont elles sont utilis\u00e9es. Elle explique \u00e9galement comment vous pouvez v\u00e9rifier l'exactitude de ces informations et demander la suppression de toute donn\u00e9e.<\/p>\n<p>En collaboration avec nos fournisseurs d'h\u00e9bergement, nous mettons tout en \u0153uvre pour prot\u00e9ger nos bases de donn\u00e9es contre tout acc\u00e8s non autoris\u00e9, toute perte, tout usage abusif ou toute alt\u00e9ration. Toutefois, nous tenons \u00e0 souligner que l'envoi de donn\u00e9es via Internet (par exemple par courrier \u00e9lectronique) n'est pas enti\u00e8rement s\u00e9curis\u00e9 et que, pour cette raison, nous ne pouvons pas garantir que vos donn\u00e9es personnelles seront enti\u00e8rement prot\u00e9g\u00e9es contre des tiers.<\/p>\n<p>En utilisant ce site web, vous acceptez la collecte, le traitement et l'utilisation de vos donn\u00e9es comme d\u00e9crit dans le pr\u00e9sent document. En principe, ce site web est accessible sans inscription. Des donn\u00e9es telles que les pages visit\u00e9es ou le nom des fichiers, ainsi que la date et l'heure d'acc\u00e8s, sont stock\u00e9es sur le serveur \u00e0 des fins statistiques, mais ces donn\u00e9es ne vous sont pas directement li\u00e9es. Les informations personnelles, telles que votre nom, votre adresse ou votre adresse \u00e9lectronique, sont recueillies volontairement dans la mesure du possible. Vos donn\u00e9es ne seront pas transmises \u00e0 des tiers sans votre consentement.<\/p>\n<h2>Champ d'application<\/h2>\n<p>Une donn\u00e9e \u00e0 caract\u00e8re personnel est toute information relative \u00e0 une personne identifi\u00e9e ou identifiable. Une personne concern\u00e9e est une personne dont les donn\u00e9es personnelles sont trait\u00e9es. Le traitement comprend toute op\u00e9ration effectu\u00e9e sur des donn\u00e9es personnelles, quels que soient les moyens et les proc\u00e9dures utilis\u00e9s, y compris le stockage, la divulgation, la collecte, l'effacement, la modification, la destruction et l'utilisation.<\/p>\n<p>Nous traitons les donn\u00e9es personnelles conform\u00e9ment \u00e0 la loi suisse sur la protection des donn\u00e9es. Le cas \u00e9ch\u00e9ant, nous traitons \u00e9galement les donn\u00e9es personnelles conform\u00e9ment aux principes juridiques suivants en lien avec l'art. 6 para. 1 du r\u00e8glement g\u00e9n\u00e9ral sur la protection des donn\u00e9es de l'Union europ\u00e9enne (EU-GDPR) :<\/p>\n<ul>\n<li>(a) la personne concern\u00e9e a donn\u00e9 son consentement au traitement de ses donn\u00e9es personnelles pour une ou plusieurs finalit\u00e9s sp\u00e9cifiques.<\/li>\n<li>b) le traitement est n\u00e9cessaire \u00e0 l'ex\u00e9cution d'un contrat auquel la personne concern\u00e9e est partie ou \u00e0 l'accomplissement de d\u00e9marches pr\u00e9alables \u00e0 la conclusion d'un contrat, \u00e0 la demande de la personne concern\u00e9e.<\/li>\n<li>c) le traitement est n\u00e9cessaire au respect d'une obligation l\u00e9gale \u00e0 laquelle nous sommes soumis, le cas \u00e9ch\u00e9ant, en vertu de la r\u00e9glementation applicable de l'Union europ\u00e9enne ou de la l\u00e9gislation d'un \u00c9tat dans lequel le GDPR est applicable en tout ou en partie.<\/li>\n<li>d) le traitement est n\u00e9cessaire \u00e0 la sauvegarde des int\u00e9r\u00eats vitaux de la personne concern\u00e9e ou d'une autre personne physique.<\/li>\n<li>e) le traitement est n\u00e9cessaire aux fins des int\u00e9r\u00eats l\u00e9gitimes poursuivis par nous-m\u00eames ou par un tiers, sauf si ces int\u00e9r\u00eats sont supplant\u00e9s par les int\u00e9r\u00eats ou les droits et libert\u00e9s fondamentaux de la personne concern\u00e9e qui exigent la protection des donn\u00e9es personnelles. Les int\u00e9r\u00eats l\u00e9gitimes comprennent nos int\u00e9r\u00eats commerciaux dans l'exploitation de notre site web et la fourniture de nos services, la s\u00e9curit\u00e9 des informations, l'application de nos propres droits et le respect du droit suisse.<\/li>\n<\/ul>\n<div>\n<p>Nous conservons les donn\u00e9es personnelles aussi longtemps que n\u00e9cessaire. Si nous devons conserver vos donn\u00e9es \u00e0 long terme pour nous conformer \u00e0 nos obligations l\u00e9gales, ou \u00e0 d'autres fins, nous limiterons autant que possible l'utilisation de ces derni\u00e8res.<\/p>\n<\/div>\n<h2>Contenu int\u00e9gr\u00e9 provenant d'autres sites web<\/h2>\n<div>\n<p>Les pages de ce site peuvent inclure du contenu int\u00e9gr\u00e9 (par exemple, calculateur d'espace, articles, outil de demande d'offre, etc.) Le contenu int\u00e9gr\u00e9 provenant de sites web tiers se comporte comme s'il se trouvait sur ledit site web.<\/p>\n<p>Ces sites web tiers peuvent collecter des donn\u00e9es vous concernant, utiliser leurs propres cookies, incorporer un suivi suppl\u00e9mentaire par des tiers et surveiller votre interaction avec ce contenu int\u00e9gr\u00e9, notamment en v\u00e9rifiant si vous avez un compte et \u00eates connect\u00e9 \u00e0 leur site.<\/p>\n<\/div>\n<h2><span style=\"color: var(--wd-title-color); font-family: var(--wd-title-font); font-size: 24px; font-style: var(--wd-title-font-style); font-weight: var(--wd-title-font-weight); text-transform: var(--wd-title-transform); background-color: var(--wd-main-bgcolor);\">Collecte et traitement des donn\u00e9es personnelles<\/span><\/h2>\n<p><strong>1. En visitant notre site web<\/strong><br \/>Lorsque vous visitez notre site web, certaines donn\u00e9es sont automatiquement stock\u00e9es sur nos serveurs ou sur les serveurs des services et produits que nous utilisons et\/ou avons install\u00e9s \u00e0 des fins d'administration du syst\u00e8me, de statistiques, de sauvegarde, ou de suivi. Ces donn\u00e9es peuvent comprendre les \u00e9l\u00e9ments suivants :<\/p>\n<ul>\n<li>Le nom de votre fournisseur d'acc\u00e8s internet<\/li>\n<li>Votre adresse IP (dans certaines circonstances)<\/li>\n<li>La version de votre navigateur web<\/li>\n<li>Le syst\u00e8me d'exploitation que vous utilisez<\/li>\n<li>La date<\/li>\n<li>L'heure<\/li>\n<li>Le site web qui vous a redirig\u00e9 vers notre site<\/li>\n<li>Les termes de recherche utilis\u00e9s pour trouver notre site web<\/li>\n<\/ul>\n<p>Selon les circonstances, ces donn\u00e9es peuvent permettre de tirer des conclusions sur un visiteur en particulier. Toutefois, les informations personnelles ne seront pas utilis\u00e9es dans ce contexte.<\/p>\n<p><strong>2. Lorsque vous remplissez le formulaire de contact pour obtenir un devis ou vous abonner \u00e0 notre newsletter.<\/strong><br \/>Lorsque vous nous contactez, vous devez fournir les informations suivantes :<\/p>\n<ul>\n<li>\u00a0Votre pr\u00e9nom et votre nom de famille<\/li>\n<li>Votre num\u00e9ro de t\u00e9l\u00e9phone<\/li>\n<li>Votre adresse e-mail<\/li>\n<li>La taille de l'espace de stockage et la dur\u00e9e de location souhait\u00e9es<\/li>\n<li>Votre message<\/li>\n<\/ul>\n<p>Ces informations ne sont utilis\u00e9es que pour traiter votre demande de contact et\/ou pr\u00e9parer votre devis ou, si vous l'acceptez, pour vous envoyer notre newsletter. En remplissant le formulaire et en cochant la case correspondante pour la newsletter, vous nous autorisez \u00e0 traiter les donn\u00e9es fournies pour l'envoi r\u00e9gulier de notre newsletter \u00e0 l'adresse e-mail fournie.<br \/>En outre, nous sommes en droit de confier \u00e0 des tiers le traitement technique des campagnes de marketing et avons donc le droit de mettre vos donn\u00e9es personnelles \u00e0 la disposition de tiers \u00e0 cette fin. Vous pouvez vous opposer \u00e0 tout moment \u00e0 ces traitements de donn\u00e9es.<\/p>\n<p><strong>3. Ex\u00e9cution et traitement des commandes<\/strong><br \/>Lorsque vous commandez nos services ou produits, nous recueillons et utilisons des donn\u00e9es personnelles vous concernant, telles que vos nom et pr\u00e9nom, adresse postale, adresse \u00e9lectronique, d\u00e9tails de paiement et \u00e9ventuellement d\u2019autres donn\u00e9es telles que num\u00e9ros de t\u00e9l\u00e9phone ou date de naissance, ainsi que toutes les donn\u00e9es que vous avez volontairement saisies. Vos donn\u00e9es peuvent \u00e9galement \u00eatre enrichies avec des donn\u00e9es acquises aupr\u00e8s de tiers.<\/p>\n<p>En commandant nos services ou produits et en saisissant vos donn\u00e9es sur notre site web, vous consentez \u00e0 l\u2019utilisation des donn\u00e9es que vous avez saisies \u00e0 des fins de service.<\/p>\n<p><strong>4. Communication de vos donn\u00e9es \u00e0 des tiers<\/strong><br \/>Vos donn\u00e9es seront transmises \u00e0 nos partenaires (tiers) uniquement dans la mesure o\u00f9 le traitement de vos commandes le rend n\u00e9cessaire. Si nous transmettons des donn\u00e9es \u00e0 des prestataires de services externes, des mesures techniques et organisationnelles sont prises pour garantir que le transfert soit conforme aux dispositions l\u00e9gales en mati\u00e8re de protection des donn\u00e9es. Si vous nous fournissez de votre plein gr\u00e9 des donn\u00e9es personnelles ou relatives \u00e0 votre entreprise, nous n\u2019utiliserons, ne traiterons ni ne transmettrons ces donn\u00e9es au-del\u00e0 du champ d\u2019application autoris\u00e9 par la loi ou sp\u00e9cifi\u00e9 par vous dans une d\u00e9claration de consentement. Nous ne transmettons vos donn\u00e9es \u00e0 des prestataires de services externes que dans la mesure o\u00f9 cela est n\u00e9cessaire \u00e0 l\u2019ex\u00e9cution du contrat et que ceux-ci ont accept\u00e9 les r\u00e8gles de confidentialit\u00e9 et de diligence correspondantes. En outre, nous ne transmettons vos donn\u00e9es que si nous y sommes oblig\u00e9s par la loi, une ordonnance officielle ou une d\u00e9cision de justice.<\/p>\n<p>UStock SA a le droit de transf\u00e9rer vos donn\u00e9es \u00e0 des soci\u00e9t\u00e9s tierces \u00e0 l\u2019\u00e9tranger, si cela est n\u00e9cessaire dans le cadre du traitement de vos demandes de renseignements, de la fourniture de services et de campagnes marketing. Ces soci\u00e9t\u00e9s tierces sont tenues de respecter la vie priv\u00e9e des utilisateurs dans la m\u00eame mesure que le fournisseur lui-m\u00eame.<\/p>\n<h2>Outils de marketing et de suivi<\/h2>\n<p>UStock SA utilise sur ce site internet des technologies dites de reciblage ainsi que des int\u00e9grations dites publiciataires \u00e0 des fins marketing (par exemple via des services fournis par les groupes Google et Meta). Le comportement de l\u2019utilisateur sur le site Web est analys\u00e9 afin de pouvoir ensuite proposer \u00e0 l\u2019utilisateur une publicit\u00e9 personnalis\u00e9e sur les sites Web partenaires. Le comportement de l\u2019utilisateur est enregistr\u00e9 sous un pseudonyme.<\/p>\n<p>La plupart des technologies de reciblage fonctionnent avec des cookies. L\u2019int\u00e9r\u00eat l\u00e9gitime est le marketing direct et l\u2019analyse de l\u2019utilisation de notre site web. L\u2019utilisateur peut \u00e0 tout moment emp\u00eacher le reciblage en refusant ou en d\u00e9sactivant les cookies correspondants dans la barre de menu du navigateur Internet.<\/p>\n<p>Concernant le suivi, nous nous servons d\u2019outils comme Google Analytics et Google Adwords. Les informations r\u00e9colt\u00e9es sont utilis\u00e9es pour \u00e9valuer l\u2019utilisation du site internet, pour compiler des rapports sur les activit\u00e9s sur le site et pour fournir d\u2019autres services associ\u00e9s \u00e0 l\u2019utilisation du site \u00e0 des fins d\u2019\u00e9tude de march\u00e9 et de conception du site en fonction des besoins. Ces informations peuvent \u00e9galement \u00eatre transmises \u00e0 des tiers si la loi l\u2019exige ou si des tiers traitent ces donn\u00e9es pour le compte de tiers. Selon Google, l\u2019adresse IP ne sera en aucun cas associ\u00e9e \u00e0 d\u2019autres donn\u00e9es concernant l\u2019utilisateur.<\/p>\n<h2>Cookies<\/h2>\n<p>Les cookies aident de plusieurs fa\u00e7ons \u00e0 rendre votre visite sur notre site web plus facile, plus agr\u00e9able et plus significative. Les cookies sont des fichiers d\u2019information que votre navigateur web enregistre automatiquement sur le disque dur de votre ordinateur lorsque vous visitez notre site web.<\/p>\n<p>La plupart des navigateurs web acceptent automatiquement les cookies. Toutefois, vous pouvez configurer votre navigateur de mani\u00e8re \u00e0 ce qu\u2019aucun cookie ne soit stock\u00e9 sur votre ordinateur.<\/p>\n<p>La d\u00e9sactivation des cookies peut vous emp\u00eacher d\u2019utiliser toutes les fonctions de notre site web.<\/p>\n<h2>Vos droits<\/h2>\n<p>Vous pouvez \u00e0 tout moment demander des informations sur les donn\u00e9es que nous avons enregistr\u00e9es vous concernant. Pour ce faire, nous vous prions d\u2019envoyer une demande d\u2019information par courrier \u00e9lectronique \u00e0 l\u2019adresse ci-dessous. La demande doit \u00eatre accompagn\u00e9e d\u2019une preuve d\u2019identit\u00e9 envoy\u00e9e \u00e0 la m\u00eame adresse.<\/p>\n<p>Vous avez la possibilit\u00e9 de demander la suppression ou la correction de vos donn\u00e9es \u00e0 tout moment. Bien entendu, vous avez \u00e9galement le droit de r\u00e9voquer \u00e0 tout moment votre consentement \u00e0 l\u2019utilisation ou au traitement des donn\u00e9es \u00e0 caract\u00e8re personnel pour le futur.<\/p>\n<p>Les donn\u00e9es enregistr\u00e9es seront supprim\u00e9es par nos soins lorsqu\u2019elles ne seront plus n\u00e9cessaires pour l\u2019objectif indiqu\u00e9. En ce qui concerne la suppression des donn\u00e9es, il convient de noter que nous sommes soumis \u00e0 certaines obligations l\u00e9gales qui stipulent que certaines donn\u00e9es doivent \u00eatre conserv\u00e9es. Nous devons nous conformer \u00e0 cette obligation. Si vous souhaitez la suppression des donn\u00e9es, qui sont soumises \u00e0 l\u2019obligation l\u00e9gale de conservation, les donn\u00e9es seront bloqu\u00e9es dans notre syst\u00e8me et utilis\u00e9es uniquement pour remplir l\u2019obligation l\u00e9gale de conservation des donn\u00e9es. Apr\u00e8s l\u2019expiration de la p\u00e9riode de conservation, votre demande de suppression sera satisfaite.<\/p>\n<p>Si vos donn\u00e9es personnelles sont trait\u00e9es sur la base d\u2019int\u00e9r\u00eats l\u00e9gitimes (voir ci-dessus Champ d\u2019application), vous avez le droit de vous opposer au traitement de vos donn\u00e9es personnelles pour des raisons li\u00e9es \u00e0 votre situation particuli\u00e8re ou \u00e0 des fins de publicit\u00e9 directe. Dans ce dernier cas, vous disposez d\u2019un droit d\u2019opposition g\u00e9n\u00e9ral, qui sera mis en oeuvre par nos soins sans indiquer de situation particuli\u00e8re.<\/p>\n<p>En outre, vous avez \u00e9galement la possibilit\u00e9 de recevoir les donn\u00e9es personnelles que vous nous avez fournies ou de demander qu\u2019elles soient transf\u00e9r\u00e9es \u00e0 une autre personne responsable. Nous vous prions de nous \u00e9crire \u00e0 cet effet par e-mail \u00e0 <strong>hello@ustock.ch<\/strong>. En cas de co\u00fbts disproportionn\u00e9s, nous nous r\u00e9servons le droit d\u2019exiger que vous nous fournissiez une preuve d\u2019identit\u00e9 et que vous payiez les frais effectifs \u00e0 l\u2019avance.<\/p>\n<h2>Contact<\/h2>\n<p>Voici nos coordonn\u00e9es:<br \/>uStock SA<br \/>Route du Grand St-Bernard 21<br \/>1921 Martigny-Croix<br \/><strong><a href=\"http:\/\/callto:+41800800801\" target=\"_blank\" rel=\"noopener\">0800 800 801<\/a><\/strong><br \/><strong><a style=\"font-size: 16px; background-color: var(--wd-main-bgcolor);\" href=\"mailto:hello@ustock.ch\">hello@ustock.ch<\/a><\/strong><br \/><strong><a style=\"font-size: 16px; background-color: var(--wd-main-bgcolor);\" href=\"https:\/\/ustock.ch\/fr\/\">www.ustock.ch<\/a><\/strong><\/p>\n<h2>Modification de cette politique de confidentialit\u00e9<\/h2>\n<p>Nous pouvons changer ou modifier cette politique de confidentialit\u00e9 \u00e0 tout moment. La version actuelle peut \u00eatre consult\u00e9e sur <a href=\"https:\/\/ustock.ch\/fr\/politique-de-confidentialite\/\"><strong>www.ustock.ch\/politique-de-confidentialite<\/strong><\/a><\/p>\n<p>Martigny, le 2 novembre 2022<\/p>\n<p><!-- \/wp:heading --><!-- wp:paragraph --><\/p>\n<p><!-- \/wp:paragraph --><\/p>\t\t\t\t\t\t\t\t<\/div>\n\t\t\t\t<\/div>\n\t\t\t\t\t<\/div>\n\t\t<\/div>\n\t\t\t\t\t<\/div>\n\t\t<\/section>\n\t\t\t\t<\/div>","protected":false},"excerpt":{"rendered":"<p>POLITIQUE DE CONFIDENTIALIT\u00c9 uStock SA est l'op\u00e9rateur du site web www.ustock.ch, et le fournisseur des services et\/ou produits offerts.<\/p>","protected":false},"author":8,"featured_media":0,"parent":0,"menu_order":0,"comment_status":"closed","ping_status":"closed","template":"","meta":{"footnotes":""},"class_list":["post-32408","page","type-page","status-publish","hentry"],"yoast_head":"<!-- This site is optimized with the Yoast SEO plugin v27.4 - https:\/\/yoast.com\/product\/yoast-seo-wordpress\/ -->\n<title>Privacy Policy - uStock Self Storage<\/title>\n<meta name=\"description\" content=\"At uStock, we know privacy is important to you, it is to us too. That&#039;s why we&#039;re committed to maintaining your trust by protecting your privacy.\" \/>\n<meta name=\"robots\" content=\"index, follow, max-snippet:-1, max-image-preview:large, max-video-preview:-1\" \/>\n<link rel=\"canonical\" href=\"https:\/\/ustock.ch\/fr\/politique-de-confidentialite\/\" \/>\n<meta property=\"og:locale\" content=\"fr_FR\" \/>\n<meta property=\"og:type\" content=\"article\" \/>\n<meta property=\"og:title\" content=\"Privacy Policy - uStock Self Storage\" \/>\n<meta property=\"og:description\" content=\"At uStock, we know privacy is important to you, it is to us too. That&#039;s why we&#039;re committed to maintaining your trust by protecting your privacy.\" \/>\n<meta property=\"og:url\" content=\"https:\/\/ustock.ch\/fr\/politique-de-confidentialite\/\" \/>\n<meta property=\"og:site_name\" content=\"uStock Self Storage\" \/>\n<meta property=\"article:modified_time\" content=\"2023-09-08T10:31:20+00:00\" \/>\n<meta name=\"twitter:card\" content=\"summary_large_image\" \/>\n<meta name=\"twitter:label1\" content=\"Dur\u00e9e de lecture estim\u00e9e\" \/>\n\t<meta name=\"twitter:data1\" content=\"8 minutes\" \/>\n<script type=\"application\/ld+json\" class=\"yoast-schema-graph\">{\"@context\":\"https:\\\/\\\/schema.org\",\"@graph\":[{\"@type\":\"WebPage\",\"@id\":\"https:\\\/\\\/ustock.ch\\\/politique-de-confidentialite\\\/\",\"url\":\"https:\\\/\\\/ustock.ch\\\/politique-de-confidentialite\\\/\",\"name\":\"Privacy Policy - uStock Self Storage\",\"isPartOf\":{\"@id\":\"http:\\\/\\\/ustock.ch\\\/fr\\\/#website\"},\"datePublished\":\"2022-12-14T05:18:16+00:00\",\"dateModified\":\"2023-09-08T10:31:20+00:00\",\"description\":\"At uStock, we know privacy is important to you, it is to us too. That's why we're committed to maintaining your trust by protecting your privacy.\",\"breadcrumb\":{\"@id\":\"https:\\\/\\\/ustock.ch\\\/politique-de-confidentialite\\\/#breadcrumb\"},\"inLanguage\":\"fr-FR\",\"potentialAction\":[{\"@type\":\"ReadAction\",\"target\":[\"https:\\\/\\\/ustock.ch\\\/politique-de-confidentialite\\\/\"]}]},{\"@type\":\"BreadcrumbList\",\"@id\":\"https:\\\/\\\/ustock.ch\\\/politique-de-confidentialite\\\/#breadcrumb\",\"itemListElement\":[{\"@type\":\"ListItem\",\"position\":1,\"name\":\"Home\",\"item\":\"https:\\\/\\\/ustock.ch\\\/\"},{\"@type\":\"ListItem\",\"position\":2,\"name\":\"Privacy Policy\"}]},{\"@type\":\"WebSite\",\"@id\":\"http:\\\/\\\/ustock.ch\\\/fr\\\/#website\",\"url\":\"http:\\\/\\\/ustock.ch\\\/fr\\\/\",\"name\":\"uStock Self Storage\",\"description\":\"\",\"potentialAction\":[{\"@type\":\"SearchAction\",\"target\":{\"@type\":\"EntryPoint\",\"urlTemplate\":\"http:\\\/\\\/ustock.ch\\\/fr\\\/?s={search_term_string}\"},\"query-input\":{\"@type\":\"PropertyValueSpecification\",\"valueRequired\":true,\"valueName\":\"search_term_string\"}}],\"inLanguage\":\"fr-FR\"}]}<\/script>\n<!-- \/ Yoast SEO plugin. -->","yoast_head_json":{"title":"Politique de confidentialit\u00e9 - uStock Self Storage","description":"Chez uStock nous sommes conscients de l'importance de la protection des donn\u00e9es personnelles. C'est pourquoi nous nous engageons \u00e0 prot\u00e9ger et respecter votre vie priv\u00e9e pour entretenir une relation de confiance.","robots":{"index":"index","follow":"follow","max-snippet":"max-snippet:-1","max-image-preview":"max-image-preview:large","max-video-preview":"max-video-preview:-1"},"canonical":"https:\/\/ustock.ch\/fr\/politique-de-confidentialite\/","og_locale":"fr_FR","og_type":"article","og_title":"Privacy Policy - uStock Self Storage","og_description":"At uStock, we know privacy is important to you, it is to us too. That's why we're committed to maintaining your trust by protecting your privacy.","og_url":"https:\/\/ustock.ch\/fr\/politique-de-confidentialite\/","og_site_name":"uStock Self Storage","article_modified_time":"2023-09-08T10:31:20+00:00","twitter_card":"summary_large_image","twitter_misc":{"Dur\u00e9e de lecture estim\u00e9e":"8 minutes"},"schema":{"@context":"https:\/\/schema.org","@graph":[{"@type":"WebPage","@id":"https:\/\/ustock.ch\/politique-de-confidentialite\/","url":"https:\/\/ustock.ch\/politique-de-confidentialite\/","name":"Politique de confidentialit\u00e9 - uStock Self Storage","isPartOf":{"@id":"http:\/\/ustock.ch\/fr\/#website"},"datePublished":"2022-12-14T05:18:16+00:00","dateModified":"2023-09-08T10:31:20+00:00","description":"Chez uStock nous sommes conscients de l'importance de la protection des donn\u00e9es personnelles. C'est pourquoi nous nous engageons \u00e0 prot\u00e9ger et respecter votre vie priv\u00e9e pour entretenir une relation de confiance.","breadcrumb":{"@id":"https:\/\/ustock.ch\/politique-de-confidentialite\/#breadcrumb"},"inLanguage":"fr-FR","potentialAction":[{"@type":"ReadAction","target":["https:\/\/ustock.ch\/politique-de-confidentialite\/"]}]},{"@type":"BreadcrumbList","@id":"https:\/\/ustock.ch\/politique-de-confidentialite\/#breadcrumb","itemListElement":[{"@type":"ListItem","position":1,"name":"Home","item":"https:\/\/ustock.ch\/"},{"@type":"ListItem","position":2,"name":"Privacy Policy"}]},{"@type":"WebSite","@id":"http:\/\/ustock.ch\/fr\/#website","url":"http:\/\/ustock.ch\/fr\/","name":"uStock Self Storage","description":"","potentialAction":[{"@type":"SearchAction","target":{"@type":"EntryPoint","urlTemplate":"http:\/\/ustock.ch\/fr\/?s={search_term_string}"},"query-input":{"@type":"PropertyValueSpecification","valueRequired":true,"valueName":"search_term_string"}}],"inLanguage":"fr-FR"}]}},"_links":{"self":[{"href":"https:\/\/ustock.ch\/fr\/wp-json\/wp\/v2\/pages\/32408","targetHints":{"allow":["GET"]}}],"collection":[{"href":"https:\/\/ustock.ch\/fr\/wp-json\/wp\/v2\/pages"}],"about":[{"href":"https:\/\/ustock.ch\/fr\/wp-json\/wp\/v2\/types\/page"}],"author":[{"embeddable":true,"href":"https:\/\/ustock.ch\/fr\/wp-json\/wp\/v2\/users\/8"}],"replies":[{"embeddable":true,"href":"https:\/\/ustock.ch\/fr\/wp-json\/wp\/v2\/comments?post=32408"}],"version-history":[{"count":17,"href":"https:\/\/ustock.ch\/fr\/wp-json\/wp\/v2\/pages\/32408\/revisions"}],"predecessor-version":[{"id":33389,"href":"https:\/\/ustock.ch\/fr\/wp-json\/wp\/v2\/pages\/32408\/revisions\/33389"}],"wp:attachment":[{"href":"https:\/\/ustock.ch\/fr\/wp-json\/wp\/v2\/media?parent=32408"}],"curies":[{"name":"wp","href":"https:\/\/api.w.org\/{rel}","templated":true}]}}