{"id":32657,"date":"2023-02-10T12:28:42","date_gmt":"2023-02-10T11:28:42","guid":{"rendered":"https:\/\/ustock.ch\/?page_id=32657"},"modified":"2023-09-05T22:05:30","modified_gmt":"2023-09-05T20:05:30","slug":"book","status":"publish","type":"page","link":"https:\/\/ustock.ch\/fr\/reserver\/","title":{"rendered":"Livre"},"content":{"rendered":"<div data-elementor-type=\"wp-page\" data-elementor-id=\"32657\" class=\"elementor elementor-32657\" data-elementor-post-type=\"page\">\n\t\t\t\t\t\t<section class=\"wd-negative-gap elementor-section elementor-top-section elementor-element elementor-element-1825a0 elementor-section-boxed elementor-section-height-default elementor-section-height-default\" data-id=\"1825a0\" data-element_type=\"section\" data-e-type=\"section\">\n\t\t\t\t\t\t<div class=\"elementor-container elementor-column-gap-default\">\n\t\t\t\t\t<div class=\"elementor-column elementor-col-100 elementor-top-column elementor-element elementor-element-3e1cfb9b\" data-id=\"3e1cfb9b\" data-element_type=\"column\" data-e-type=\"column\">\n\t\t\t<div class=\"elementor-widget-wrap elementor-element-populated\">\n\t\t\t\t\t\t<div class=\"elementor-element elementor-element-1b806c0f wd-width-100 elementor-widget elementor-widget-wd_title\" data-id=\"1b806c0f\" data-element_type=\"widget\" data-e-type=\"widget\" data-widget_type=\"wd_title.default\">\n\t\t\t\t<div class=\"elementor-widget-container\">\n\t\t\t\t\t\t\t<div class=\"title-wrapper wd-set-mb reset-last-child wd-title-color-primary wd-title-style-default wd-title-size-large text-left\">\n\n\t\t\t\n\t\t\t<div class=\"liner-continer\">\n\t\t\t\t<h4 class=\"woodmart-title-container title wd-fontsize-xxl\">R\u00e9servez maintenant<\/h4> \n\t\t\t\t\t\t\t<\/div>\n\n\t\t\t\t\t<\/div>\n\t\t\t\t\t\t<\/div>\n\t\t\t\t<\/div>\n\t\t\t\t<div class=\"elementor-element elementor-element-9854f83 elementor-widget elementor-widget-wd_text_block\" data-id=\"9854f83\" data-element_type=\"widget\" data-e-type=\"widget\" data-widget_type=\"wd_text_block.default\">\n\t\t\t\t<div class=\"elementor-widget-container\">\n\t\t\t\t\t\t\t<div class=\"wd-text-block reset-last-child text-left\">\n\t\t\t\n\t\t\t<p>Consultez la disponibilit\u00e9 de votre espace de stockage, r\u00e9servez et payez en quelques clics. Simple et rapide !<span style=\"font-size: 15px; background-color: var(--wd-main-bgcolor); color: var(--wd-text-color);\"><\/span><\/p>\n\t\t\t\t\t<\/div>\n\t\t\t\t\t\t<\/div>\n\t\t\t\t<\/div>\n\t\t\t\t\t<\/div>\n\t\t<\/div>\n\t\t\t\t\t<\/div>\n\t\t<\/section>\n\t\t\t\t<section class=\"wd-negative-gap elementor-section elementor-top-section elementor-element elementor-element-f44d8ec elementor-section-boxed elementor-section-height-default elementor-section-height-default\" data-id=\"f44d8ec\" data-element_type=\"section\" data-e-type=\"section\">\n\t\t\t\t\t\t<div class=\"elementor-container elementor-column-gap-default\">\n\t\t\t\t\t<div class=\"elementor-column elementor-col-100 elementor-top-column elementor-element elementor-element-b7ad63f\" data-id=\"b7ad63f\" data-element_type=\"column\" data-e-type=\"column\">\n\t\t\t<div class=\"elementor-widget-wrap elementor-element-populated\">\n\t\t\t\t\t\t<div class=\"elementor-element elementor-element-17d691b elementor-widget elementor-widget-html\" data-id=\"17d691b\" data-element_type=\"widget\" data-e-type=\"widget\" data-widget_type=\"html.default\">\n\t\t\t\t<div class=\"elementor-widget-container\">\n\t\t\t\t\t<iframe src=\"https:\/\/ustock.gotomyspace.online\/onlineContract\" width=\"560\" height=\"1750\" allowfullscreen=\"allowfullscreen\"><\/iframe>\n\t\t\t\t<\/div>\n\t\t\t\t<\/div>\n\t\t\t\t\t<\/div>\n\t\t<\/div>\n\t\t\t\t\t<\/div>\n\t\t<\/section>\n\t\t\t\t<section class=\"wd-negative-gap elementor-section elementor-top-section elementor-element elementor-element-8f0e9ea elementor-section-boxed elementor-section-height-default elementor-section-height-default\" data-id=\"8f0e9ea\" data-element_type=\"section\" data-e-type=\"section\" data-settings=\"{&quot;background_background&quot;:&quot;classic&quot;}\">\n\t\t\t\t\t\t<div class=\"elementor-container elementor-column-gap-default\">\n\t\t\t\t\t<div class=\"elementor-column elementor-col-50 elementor-top-column elementor-element elementor-element-a8da14e\" data-id=\"a8da14e\" data-element_type=\"column\" data-e-type=\"column\">\n\t\t\t<div class=\"elementor-widget-wrap elementor-element-populated\">\n\t\t\t\t\t\t<div class=\"elementor-element elementor-element-2f31061 wd-width-100 elementor-widget elementor-widget-wd_title\" data-id=\"2f31061\" data-element_type=\"widget\" data-e-type=\"widget\" data-widget_type=\"wd_title.default\">\n\t\t\t\t<div class=\"elementor-widget-container\">\n\t\t\t\t\t\t\t<div class=\"title-wrapper wd-set-mb reset-last-child wd-title-color-default wd-title-style-default wd-title-size-large text-left\">\n\n\t\t\t\n\t\t\t<div class=\"liner-continer\">\n\t\t\t\t<h4 class=\"woodmart-title-container title wd-fontsize-xxl\">Un doute ? Parlons-nous !<\/h4> \n\t\t\t\t\t\t\t<\/div>\n\n\t\t\t\t\t<\/div>\n\t\t\t\t\t\t<\/div>\n\t\t\t\t<\/div>\n\t\t\t\t<div class=\"elementor-element elementor-element-81bc300 elementor-widget elementor-widget-wd_text_block\" data-id=\"81bc300\" data-element_type=\"widget\" data-e-type=\"widget\" data-widget_type=\"wd_text_block.default\">\n\t\t\t\t<div class=\"elementor-widget-container\">\n\t\t\t\t\t\t\t<div class=\"wd-text-block reset-last-child text-left\">\n\t\t\t\n\t\t\t<p>Nous r\u00e9pondons bien volontiers \u00e0 toutes les questions que vous vous posez et sur les diff\u00e9rentes options de stockage. Du lundi au vendredi de <span style=\"color: #212121;\"><strong>9h00 \u00e0 21h00.<\/strong><\/span><\/p>\n\t\t\t\t\t<\/div>\n\t\t\t\t\t\t<\/div>\n\t\t\t\t<\/div>\n\t\t\t\t\t<\/div>\n\t\t<\/div>\n\t\t\t\t<div class=\"elementor-column elementor-col-50 elementor-top-column elementor-element elementor-element-df1b65e\" data-id=\"df1b65e\" data-element_type=\"column\" data-e-type=\"column\">\n\t\t\t<div class=\"elementor-widget-wrap elementor-element-populated\">\n\t\t\t\t\t\t<div class=\"elementor-element elementor-element-7f558ed elementor-widget elementor-widget-wd_button\" data-id=\"7f558ed\" data-element_type=\"widget\" data-e-type=\"widget\" data-widget_type=\"wd_button.default\">\n\t\t\t\t<div class=\"elementor-widget-container\">\n\t\t\t\t\t\t\t<div class=\"wd-button-wrapper text-center\" >\n\t\t\t<a class=\"btn btn-style-default btn-shape-rectangle btn-size-default btn-color-primary btn-icon-pos-right\"  href=\"https:\/\/ustock.ch\/fr\/contact\/\">\n\t\t\t\t<span class=\"wd-btn-text\" data-elementor-setting-key=\"text\">\n\t\t\t\t\tContactez-nous\t\t\t\t<\/span>\n\n\t\t\t\t\t\t\t<\/a>\n\t\t<\/div>\n\t\t\t\t\t\t<\/div>\n\t\t\t\t<\/div>\n\t\t\t\t\t<\/div>\n\t\t<\/div>\n\t\t\t\t\t<\/div>\n\t\t<\/section>\n\t\t\t\t<\/div>","protected":false},"excerpt":{"rendered":"<p>Book now Check the availability of your storage, book and pay in a few clics. Any doubt ? Get answers<\/p>","protected":false},"author":2,"featured_media":31600,"parent":0,"menu_order":0,"comment_status":"closed","ping_status":"closed","template":"","meta":{"footnotes":""},"class_list":["post-32657","page","type-page","status-publish","has-post-thumbnail","hentry"],"yoast_head":"<!-- This site is optimized with the Yoast SEO plugin v27.4 - https:\/\/yoast.com\/product\/yoast-seo-wordpress\/ -->\n<title>Book your storage unit in Martigny online<\/title>\n<meta name=\"description\" content=\"Pick your storage unit in Martigny (Valais), fill in the form, check the availability and book. It&#039;s that easy!\" \/>\n<meta name=\"robots\" content=\"index, follow, max-snippet:-1, max-image-preview:large, max-video-preview:-1\" \/>\n<link rel=\"canonical\" href=\"https:\/\/ustock.ch\/fr\/reserver\/\" \/>\n<meta property=\"og:locale\" content=\"fr_FR\" \/>\n<meta property=\"og:type\" content=\"article\" \/>\n<meta property=\"og:title\" content=\"Book your storage unit in Martigny online\" \/>\n<meta property=\"og:description\" content=\"Pick your storage unit in Martigny (Valais), fill in the form, check the availability and book. It&#039;s that easy!\" \/>\n<meta property=\"og:url\" content=\"https:\/\/ustock.ch\/fr\/reserver\/\" \/>\n<meta property=\"og:site_name\" content=\"uStock Self Storage\" \/>\n<meta property=\"article:modified_time\" content=\"2023-09-05T20:05:30+00:00\" \/>\n<meta property=\"og:image\" content=\"https:\/\/ustock.ch\/wp-content\/uploads\/2022\/12\/10-pink-min.png\" \/>\n\t<meta property=\"og:image:width\" content=\"800\" \/>\n\t<meta property=\"og:image:height\" content=\"800\" \/>\n\t<meta property=\"og:image:type\" content=\"image\/png\" \/>\n<meta name=\"twitter:card\" content=\"summary_large_image\" \/>\n<meta name=\"twitter:label1\" content=\"Dur\u00e9e de lecture estim\u00e9e\" \/>\n\t<meta name=\"twitter:data1\" content=\"1 minute\" \/>\n<script type=\"application\/ld+json\" class=\"yoast-schema-graph\">{\"@context\":\"https:\\\/\\\/schema.org\",\"@graph\":[{\"@type\":\"WebPage\",\"@id\":\"https:\\\/\\\/ustock.ch\\\/reserver\\\/\",\"url\":\"https:\\\/\\\/ustock.ch\\\/reserver\\\/\",\"name\":\"Book your storage unit in Martigny online\",\"isPartOf\":{\"@id\":\"http:\\\/\\\/ustock.ch\\\/fr\\\/#website\"},\"primaryImageOfPage\":{\"@id\":\"https:\\\/\\\/ustock.ch\\\/reserver\\\/#primaryimage\"},\"image\":{\"@id\":\"https:\\\/\\\/ustock.ch\\\/reserver\\\/#primaryimage\"},\"thumbnailUrl\":\"https:\\\/\\\/ustock.ch\\\/wp-content\\\/uploads\\\/2022\\\/12\\\/10-pink-min.png\",\"datePublished\":\"2023-02-10T11:28:42+00:00\",\"dateModified\":\"2023-09-05T20:05:30+00:00\",\"description\":\"Pick your storage unit in Martigny (Valais), fill in the form, check the availability and book. It's that easy!\",\"breadcrumb\":{\"@id\":\"https:\\\/\\\/ustock.ch\\\/reserver\\\/#breadcrumb\"},\"inLanguage\":\"fr-FR\",\"potentialAction\":[{\"@type\":\"ReadAction\",\"target\":[\"https:\\\/\\\/ustock.ch\\\/reserver\\\/\"]}]},{\"@type\":\"ImageObject\",\"inLanguage\":\"fr-FR\",\"@id\":\"https:\\\/\\\/ustock.ch\\\/reserver\\\/#primaryimage\",\"url\":\"https:\\\/\\\/ustock.ch\\\/wp-content\\\/uploads\\\/2022\\\/12\\\/10-pink-min.png\",\"contentUrl\":\"https:\\\/\\\/ustock.ch\\\/wp-content\\\/uploads\\\/2022\\\/12\\\/10-pink-min.png\",\"width\":800,\"height\":800},{\"@type\":\"BreadcrumbList\",\"@id\":\"https:\\\/\\\/ustock.ch\\\/reserver\\\/#breadcrumb\",\"itemListElement\":[{\"@type\":\"ListItem\",\"position\":1,\"name\":\"Home\",\"item\":\"https:\\\/\\\/ustock.ch\\\/\"},{\"@type\":\"ListItem\",\"position\":2,\"name\":\"Book\"}]},{\"@type\":\"WebSite\",\"@id\":\"http:\\\/\\\/ustock.ch\\\/fr\\\/#website\",\"url\":\"http:\\\/\\\/ustock.ch\\\/fr\\\/\",\"name\":\"uStock Self Storage\",\"description\":\"\",\"potentialAction\":[{\"@type\":\"SearchAction\",\"target\":{\"@type\":\"EntryPoint\",\"urlTemplate\":\"http:\\\/\\\/ustock.ch\\\/fr\\\/?s={search_term_string}\"},\"query-input\":{\"@type\":\"PropertyValueSpecification\",\"valueRequired\":true,\"valueName\":\"search_term_string\"}}],\"inLanguage\":\"fr-FR\"}]}<\/script>\n<!-- \/ Yoast SEO plugin. -->","yoast_head_json":{"title":"R\u00e9servez votre box \u00e0 Martigny en ligne","description":"Choisissez votre box \u00e0 Martigny (Valais), remplissez le formulaire, consulter la disponibilit\u00e9 et r\u00e9servez. C'est aussi simple !","robots":{"index":"index","follow":"follow","max-snippet":"max-snippet:-1","max-image-preview":"max-image-preview:large","max-video-preview":"max-video-preview:-1"},"canonical":"https:\/\/ustock.ch\/fr\/reserver\/","og_locale":"fr_FR","og_type":"article","og_title":"Book your storage unit in Martigny online","og_description":"Pick your storage unit in Martigny (Valais), fill in the form, check the availability and book. It's that easy!","og_url":"https:\/\/ustock.ch\/fr\/reserver\/","og_site_name":"uStock Self Storage","article_modified_time":"2023-09-05T20:05:30+00:00","og_image":[{"width":800,"height":800,"url":"https:\/\/ustock.ch\/wp-content\/uploads\/2022\/12\/10-pink-min.png","type":"image\/png"}],"twitter_card":"summary_large_image","twitter_misc":{"Dur\u00e9e de lecture estim\u00e9e":"1 minute"},"schema":{"@context":"https:\/\/schema.org","@graph":[{"@type":"WebPage","@id":"https:\/\/ustock.ch\/reserver\/","url":"https:\/\/ustock.ch\/reserver\/","name":"R\u00e9servez votre box \u00e0 Martigny en ligne","isPartOf":{"@id":"http:\/\/ustock.ch\/fr\/#website"},"primaryImageOfPage":{"@id":"https:\/\/ustock.ch\/reserver\/#primaryimage"},"image":{"@id":"https:\/\/ustock.ch\/reserver\/#primaryimage"},"thumbnailUrl":"https:\/\/ustock.ch\/wp-content\/uploads\/2022\/12\/10-pink-min.png","datePublished":"2023-02-10T11:28:42+00:00","dateModified":"2023-09-05T20:05:30+00:00","description":"Choisissez votre box \u00e0 Martigny (Valais), remplissez le formulaire, consulter la disponibilit\u00e9 et r\u00e9servez. C'est aussi simple !","breadcrumb":{"@id":"https:\/\/ustock.ch\/reserver\/#breadcrumb"},"inLanguage":"fr-FR","potentialAction":[{"@type":"ReadAction","target":["https:\/\/ustock.ch\/reserver\/"]}]},{"@type":"ImageObject","inLanguage":"fr-FR","@id":"https:\/\/ustock.ch\/reserver\/#primaryimage","url":"https:\/\/ustock.ch\/wp-content\/uploads\/2022\/12\/10-pink-min.png","contentUrl":"https:\/\/ustock.ch\/wp-content\/uploads\/2022\/12\/10-pink-min.png","width":800,"height":800},{"@type":"BreadcrumbList","@id":"https:\/\/ustock.ch\/reserver\/#breadcrumb","itemListElement":[{"@type":"ListItem","position":1,"name":"Home","item":"https:\/\/ustock.ch\/"},{"@type":"ListItem","position":2,"name":"Book"}]},{"@type":"WebSite","@id":"http:\/\/ustock.ch\/fr\/#website","url":"http:\/\/ustock.ch\/fr\/","name":"uStock Self Storage","description":"","potentialAction":[{"@type":"SearchAction","target":{"@type":"EntryPoint","urlTemplate":"http:\/\/ustock.ch\/fr\/?s={search_term_string}"},"query-input":{"@type":"PropertyValueSpecification","valueRequired":true,"valueName":"search_term_string"}}],"inLanguage":"fr-FR"}]}},"_links":{"self":[{"href":"https:\/\/ustock.ch\/fr\/wp-json\/wp\/v2\/pages\/32657","targetHints":{"allow":["GET"]}}],"collection":[{"href":"https:\/\/ustock.ch\/fr\/wp-json\/wp\/v2\/pages"}],"about":[{"href":"https:\/\/ustock.ch\/fr\/wp-json\/wp\/v2\/types\/page"}],"author":[{"embeddable":true,"href":"https:\/\/ustock.ch\/fr\/wp-json\/wp\/v2\/users\/2"}],"replies":[{"embeddable":true,"href":"https:\/\/ustock.ch\/fr\/wp-json\/wp\/v2\/comments?post=32657"}],"version-history":[{"count":24,"href":"https:\/\/ustock.ch\/fr\/wp-json\/wp\/v2\/pages\/32657\/revisions"}],"predecessor-version":[{"id":33383,"href":"https:\/\/ustock.ch\/fr\/wp-json\/wp\/v2\/pages\/32657\/revisions\/33383"}],"wp:featuredmedia":[{"embeddable":true,"href":"https:\/\/ustock.ch\/fr\/wp-json\/wp\/v2\/media\/31600"}],"wp:attachment":[{"href":"https:\/\/ustock.ch\/fr\/wp-json\/wp\/v2\/media?parent=32657"}],"curies":[{"name":"wp","href":"https:\/\/api.w.org\/{rel}","templated":true}]}}