{"id":4400,"date":"2021-10-12T15:51:09","date_gmt":"2021-10-12T13:51:09","guid":{"rendered":"http:\/\/dummy.xtemos.com\/woodmart2\/elementor\/?page_id=4400"},"modified":"2023-12-01T10:16:41","modified_gmt":"2023-12-01T09:16:41","slug":"about-us","status":"publish","type":"page","link":"https:\/\/ustock.ch\/fr\/a-propos-de-nous\/","title":{"rendered":"\u00c0 propos de nous"},"content":{"rendered":"<div data-elementor-type=\"wp-page\" data-elementor-id=\"4400\" class=\"elementor elementor-4400\" data-elementor-post-type=\"page\">\n\t\t\t\t\t\t<section class=\"wd-negative-gap elementor-section elementor-top-section elementor-element elementor-element-30f4b337 elementor-section-content-middle elementor-section-boxed elementor-section-height-default elementor-section-height-default\" data-id=\"30f4b337\" data-element_type=\"section\" data-e-type=\"section\" data-settings=\"{&quot;background_background&quot;:&quot;classic&quot;}\">\n\t\t\t\t\t\t<div class=\"elementor-container elementor-column-gap-extended\">\n\t\t\t\t\t<div class=\"elementor-column elementor-col-33 elementor-top-column elementor-element elementor-element-709130a2\" data-id=\"709130a2\" data-element_type=\"column\" data-e-type=\"column\">\n\t\t\t<div class=\"elementor-widget-wrap elementor-element-populated\">\n\t\t\t\t\t\t<div class=\"elementor-element elementor-element-de6816b wd-width-100 elementor-widget elementor-widget-wd_title\" data-id=\"de6816b\" data-element_type=\"widget\" data-e-type=\"widget\" data-widget_type=\"wd_title.default\">\n\t\t\t\t<div class=\"elementor-widget-container\">\n\t\t\t\t\t\t\t<div class=\"title-wrapper wd-set-mb reset-last-child wd-title-color-primary wd-title-style-default wd-title-size-large text-left\">\n\n\t\t\t\t\t\t\t\t\t\t\t<div class=\"title-subtitle subtitle-color-primary subtitle-style-default wd-fontsize-xs\">\n\t\t\t\t\tCe qui nous anime\t\t\t\t<\/div>\n\t\t\t\n\t\t\t<div class=\"liner-continer\">\n\t\t\t\t<h4 class=\"woodmart-title-container title wd-fontsize-xxl\">Vous offrir l'espace qu'il vous faut<\/h4> \n\t\t\t\t\t\t\t<\/div>\n\n\t\t\t\t\t<\/div>\n\t\t\t\t\t\t<\/div>\n\t\t\t\t<\/div>\n\t\t\t\t\t<\/div>\n\t\t<\/div>\n\t\t\t\t<div class=\"elementor-column elementor-col-33 elementor-top-column elementor-element elementor-element-52737e3b\" data-id=\"52737e3b\" data-element_type=\"column\" data-e-type=\"column\">\n\t\t\t<div class=\"elementor-widget-wrap elementor-element-populated\">\n\t\t\t\t\t\t<div class=\"elementor-element elementor-element-1cde49f0 elementor-widget elementor-widget-wd_infobox\" data-id=\"1cde49f0\" data-element_type=\"widget\" data-e-type=\"widget\" data-widget_type=\"wd_infobox.default\">\n\t\t\t\t<div class=\"elementor-widget-container\">\n\t\t\t\t\t\t\t<div class=\"info-box-wrapper\">\n\t\t\t<div class=\"wd-info-box text-left box-icon-align-top box-style-base color-scheme-\">\n\t\t\t\t\n\t\t\t\t<div class=\"info-box-content\">\n\t\t\t\t\t\n\t\t\t\t\t\t\t\t\t\t\t<h4\t\t\t\t\t\tclass=\"info-box-title title box-title-style-default wd-fontsize-m\" data-elementor-setting-key=\"title\">\n\t\t\t\t\t\t\t\tNous nous engageons\t\t\t\t\t\t<\/h4>\n\t\t\t\t\t\n\t\t\t\t\t<div class=\"info-box-inner reset-last-child\"data-elementor-setting-key=\"content\"><p>Nous travaillons avec le coeur et am\u00e9liorons constamment nos services afin de rendre uStock meilleur.<\/p>\n<\/div>\n\n\t\t\t\t\t\t\t\t\t<\/div>\n\n\t\t\t\t\t\t\t\t\t<a href=\"#\" class=\"wd-info-box-link wd-fill\" aria-label=\"Lien infobox\"><\/a>\n\t\t\t\t\t\t\t<\/div>\n\t\t<\/div>\n\t\t\t\t\t\t<\/div>\n\t\t\t\t<\/div>\n\t\t\t\t\t<\/div>\n\t\t<\/div>\n\t\t\t\t<div class=\"elementor-column elementor-col-33 elementor-top-column elementor-element elementor-element-1c137d17\" data-id=\"1c137d17\" data-element_type=\"column\" data-e-type=\"column\">\n\t\t\t<div class=\"elementor-widget-wrap elementor-element-populated\">\n\t\t\t\t\t\t<div class=\"elementor-element elementor-element-1be79bd5 elementor-widget elementor-widget-wd_infobox\" data-id=\"1be79bd5\" data-element_type=\"widget\" data-e-type=\"widget\" data-widget_type=\"wd_infobox.default\">\n\t\t\t\t<div class=\"elementor-widget-container\">\n\t\t\t\t\t\t\t<div class=\"info-box-wrapper\">\n\t\t\t<div class=\"wd-info-box text-left box-icon-align-top box-style-base color-scheme-\">\n\t\t\t\t\n\t\t\t\t<div class=\"info-box-content\">\n\t\t\t\t\t\n\t\t\t\t\t\t\t\t\t\t\t<h4\t\t\t\t\t\tclass=\"info-box-title title box-title-style-default wd-fontsize-m\" data-elementor-setting-key=\"title\">\n\t\t\t\t\t\t\t\tPar des experts\t\t\t\t\t\t<\/h4>\n\t\t\t\t\t\n\t\t\t\t\t<div class=\"info-box-inner reset-last-child\"data-elementor-setting-key=\"content\"><p>Avec des ann\u00e9es d'exp\u00e9rience dans le secteur du stockage, nous connaissons toutes les ficelles du m\u00e9tier.<\/p>\n<\/div>\n\n\t\t\t\t\t\t\t\t\t<\/div>\n\n\t\t\t\t\t\t\t\t\t<a href=\"#\" class=\"wd-info-box-link wd-fill\" aria-label=\"Lien infobox\"><\/a>\n\t\t\t\t\t\t\t<\/div>\n\t\t<\/div>\n\t\t\t\t\t\t<\/div>\n\t\t\t\t<\/div>\n\t\t\t\t\t<\/div>\n\t\t<\/div>\n\t\t\t\t\t<\/div>\n\t\t<\/section>\n\t\t\t\t<section class=\"wd-negative-gap elementor-section elementor-top-section elementor-element elementor-element-3c548bca elementor-reverse-tablet elementor-reverse-mobile elementor-section-boxed elementor-section-height-default elementor-section-height-default\" data-id=\"3c548bca\" data-element_type=\"section\" data-e-type=\"section\">\n\t\t\t\t\t\t<div class=\"elementor-container elementor-column-gap-default\">\n\t\t\t\t\t<div class=\"elementor-column elementor-col-50 elementor-top-column elementor-element elementor-element-1d354ed7\" data-id=\"1d354ed7\" data-element_type=\"column\" data-e-type=\"column\">\n\t\t\t<div class=\"elementor-widget-wrap elementor-element-populated\">\n\t\t\t\t\t\t<div class=\"elementor-element elementor-element-3b8f1c6 elementor-widget elementor-widget-wd_image_or_svg\" data-id=\"3b8f1c6\" data-element_type=\"widget\" data-e-type=\"widget\" data-widget_type=\"wd_image_or_svg.default\">\n\t\t\t\t<div class=\"elementor-widget-container\">\n\t\t\t\t\t\n\t\t<div class=\"wd-image text-center\">\n\t\t\t\t\t\t\t\t<img fetchpriority=\"high\" decoding=\"async\" width=\"580\" height=\"580\" src=\"https:\/\/ustock.ch\/wp-content\/uploads\/2022\/11\/K-Ustock-About-U-Stock-2.jpg\" class=\"attachment-full size-full\" alt=\"\" srcset=\"https:\/\/ustock.ch\/wp-content\/uploads\/2022\/11\/K-Ustock-About-U-Stock-2.jpg 580w, https:\/\/ustock.ch\/wp-content\/uploads\/2022\/11\/K-Ustock-About-U-Stock-2-300x300.jpg 300w, https:\/\/ustock.ch\/wp-content\/uploads\/2022\/11\/K-Ustock-About-U-Stock-2-150x150.jpg 150w, https:\/\/ustock.ch\/wp-content\/uploads\/2022\/11\/K-Ustock-About-U-Stock-2-430x430.jpg 430w\" sizes=\"(max-width: 580px) 100vw, 580px\" \/>\t\t\t\t\t<\/div>\n\n\t\t\t\t\t\t<\/div>\n\t\t\t\t<\/div>\n\t\t\t\t\t<\/div>\n\t\t<\/div>\n\t\t\t\t<div class=\"elementor-column elementor-col-50 elementor-top-column elementor-element elementor-element-7a9daa7\" data-id=\"7a9daa7\" data-element_type=\"column\" data-e-type=\"column\">\n\t\t\t<div class=\"elementor-widget-wrap elementor-element-populated\">\n\t\t\t\t\t\t<div class=\"elementor-element elementor-element-18566191 wd-width-100 elementor-widget elementor-widget-wd_title\" data-id=\"18566191\" data-element_type=\"widget\" data-e-type=\"widget\" data-widget_type=\"wd_title.default\">\n\t\t\t\t<div class=\"elementor-widget-container\">\n\t\t\t\t\t\t\t<div class=\"title-wrapper wd-set-mb reset-last-child wd-title-color-primary wd-title-style-default wd-title-size-large text-left\">\n\n\t\t\t\t\t\t\t\t\t\t\t<div class=\"title-subtitle subtitle-color-primary subtitle-style-default wd-fontsize-xs\">\n\t\t\t\t\t\u00c0 taille humaine\t\t\t\t<\/div>\n\t\t\t\n\t\t\t<div class=\"liner-continer\">\n\t\t\t\t<h4 class=\"woodmart-title-container title wd-fontsize-xxl\">L'histoire de uStock<\/h4> \n\t\t\t\t\t\t\t<\/div>\n\n\t\t\t\t\t\t\t<div class=\"title-after_title reset-last-child wd-fontsize-s\">\n\t\t\t\t\t<p>Nous sommes tous pass\u00e9s par l\u00e0 : trop de d\u00e9sordre et pas assez d'espace pour ce (et ceux) qu'on aime.<\/p>\t\t\t\t<\/div>\n\t\t\t\t\t<\/div>\n\t\t\t\t\t\t<\/div>\n\t\t\t\t<\/div>\n\t\t\t\t<div class=\"elementor-element elementor-element-cf34ae6 elementor-widget elementor-widget-wd_text_block\" data-id=\"cf34ae6\" data-element_type=\"widget\" data-e-type=\"widget\" data-widget_type=\"wd_text_block.default\">\n\t\t\t\t<div class=\"elementor-widget-container\">\n\t\t\t\t\t\t\t<div class=\"wd-text-block reset-last-child text-left\">\n\t\t\t\n\t\t\t<p>Hello ! Nous sommes deux amis de longue date vivant en Valais (Suisse romande). Apr\u00e8s avoir dirig\u00e9 une entreprise familiale de stockage pendant des ann\u00e9es, nous avons constat\u00e9 que les grandes \u00e9tapes de la vie, dans le priv\u00e9 comme en entreprise, sont souvent accompagn\u00e9es d'un surplus d'affaires \u00e0 entreposer.\nEt pourtant, disposer d'un espace clair et a\u00e9r\u00e9 rend la vie tellement plus agr\u00e9able ! C'est pourquoi nous avons d\u00e9cid\u00e9 de cr\u00e9er uStock en 2022. Notre objectif ? <strong>Offrir un service de premier ordre, flexible et facile \u00e0 utiliser.<\/strong><\/p>\n\t\t\t\t\t<\/div>\n\t\t\t\t\t\t<\/div>\n\t\t\t\t<\/div>\n\t\t\t\t\t<\/div>\n\t\t<\/div>\n\t\t\t\t\t<\/div>\n\t\t<\/section>\n\t\t\t\t<\/div>","protected":false},"excerpt":{"rendered":"<p>Ce qui nous motive Faciliter votre vie Nous aimons ce que nous faisons Nous nous effor\u00e7ons constamment d'am\u00e9liorer et de faciliter votre vie.<\/p>","protected":false},"author":8,"featured_media":31173,"parent":0,"menu_order":0,"comment_status":"closed","ping_status":"closed","template":"","meta":{"footnotes":""},"class_list":["post-4400","page","type-page","status-publish","has-post-thumbnail","hentry"],"yoast_head":"<!-- This site is optimized with the Yoast SEO plugin v27.4 - https:\/\/yoast.com\/product\/yoast-seo-wordpress\/ -->\n<title>About us - uStock Self Storage<\/title>\n<meta name=\"description\" content=\"With years of experience in the storage industry in Valais (Switzerland), our team knows all the tricks. Read our story.\" \/>\n<meta name=\"robots\" content=\"index, follow, max-snippet:-1, max-image-preview:large, max-video-preview:-1\" \/>\n<link rel=\"canonical\" href=\"https:\/\/ustock.ch\/fr\/a-propos-de-nous\/\" \/>\n<meta property=\"og:locale\" content=\"fr_FR\" \/>\n<meta property=\"og:type\" content=\"article\" \/>\n<meta property=\"og:title\" content=\"About us - uStock Self Storage\" \/>\n<meta property=\"og:description\" content=\"With years of experience in the storage industry in Valais (Switzerland), our team knows all the tricks. Read our story.\" \/>\n<meta property=\"og:url\" content=\"https:\/\/ustock.ch\/fr\/a-propos-de-nous\/\" \/>\n<meta property=\"og:site_name\" content=\"uStock Self Storage\" \/>\n<meta property=\"article:modified_time\" content=\"2023-12-01T09:16:41+00:00\" \/>\n<meta property=\"og:image\" content=\"https:\/\/ustock.ch\/wp-content\/uploads\/2022\/11\/K-Ustock-About-U-Stock-2.jpg\" \/>\n\t<meta property=\"og:image:width\" content=\"580\" \/>\n\t<meta property=\"og:image:height\" content=\"580\" \/>\n\t<meta property=\"og:image:type\" content=\"image\/jpeg\" \/>\n<meta name=\"twitter:card\" content=\"summary_large_image\" \/>\n<meta name=\"twitter:label1\" content=\"Dur\u00e9e de lecture estim\u00e9e\" \/>\n\t<meta name=\"twitter:data1\" content=\"1 minute\" \/>\n<script type=\"application\/ld+json\" class=\"yoast-schema-graph\">{\"@context\":\"https:\\\/\\\/schema.org\",\"@graph\":[{\"@type\":\"WebPage\",\"@id\":\"https:\\\/\\\/ustock.ch\\\/a-propos-de-nous\\\/\",\"url\":\"https:\\\/\\\/ustock.ch\\\/a-propos-de-nous\\\/\",\"name\":\"About us - uStock Self Storage\",\"isPartOf\":{\"@id\":\"http:\\\/\\\/ustock.ch\\\/fr\\\/#website\"},\"primaryImageOfPage\":{\"@id\":\"https:\\\/\\\/ustock.ch\\\/a-propos-de-nous\\\/#primaryimage\"},\"image\":{\"@id\":\"https:\\\/\\\/ustock.ch\\\/a-propos-de-nous\\\/#primaryimage\"},\"thumbnailUrl\":\"https:\\\/\\\/ustock.ch\\\/wp-content\\\/uploads\\\/2022\\\/11\\\/K-Ustock-About-U-Stock-2.jpg\",\"datePublished\":\"2021-10-12T13:51:09+00:00\",\"dateModified\":\"2023-12-01T09:16:41+00:00\",\"description\":\"With years of experience in the storage industry in Valais (Switzerland), our team knows all the tricks. Read our story.\",\"breadcrumb\":{\"@id\":\"https:\\\/\\\/ustock.ch\\\/a-propos-de-nous\\\/#breadcrumb\"},\"inLanguage\":\"fr-FR\",\"potentialAction\":[{\"@type\":\"ReadAction\",\"target\":[\"https:\\\/\\\/ustock.ch\\\/a-propos-de-nous\\\/\"]}]},{\"@type\":\"ImageObject\",\"inLanguage\":\"fr-FR\",\"@id\":\"https:\\\/\\\/ustock.ch\\\/a-propos-de-nous\\\/#primaryimage\",\"url\":\"https:\\\/\\\/ustock.ch\\\/wp-content\\\/uploads\\\/2022\\\/11\\\/K-Ustock-About-U-Stock-2.jpg\",\"contentUrl\":\"https:\\\/\\\/ustock.ch\\\/wp-content\\\/uploads\\\/2022\\\/11\\\/K-Ustock-About-U-Stock-2.jpg\",\"width\":580,\"height\":580},{\"@type\":\"BreadcrumbList\",\"@id\":\"https:\\\/\\\/ustock.ch\\\/a-propos-de-nous\\\/#breadcrumb\",\"itemListElement\":[{\"@type\":\"ListItem\",\"position\":1,\"name\":\"Home\",\"item\":\"https:\\\/\\\/ustock.ch\\\/en\\\/\"},{\"@type\":\"ListItem\",\"position\":2,\"name\":\"About us\"}]},{\"@type\":\"WebSite\",\"@id\":\"http:\\\/\\\/ustock.ch\\\/fr\\\/#website\",\"url\":\"http:\\\/\\\/ustock.ch\\\/fr\\\/\",\"name\":\"uStock Self Storage\",\"description\":\"\",\"potentialAction\":[{\"@type\":\"SearchAction\",\"target\":{\"@type\":\"EntryPoint\",\"urlTemplate\":\"http:\\\/\\\/ustock.ch\\\/fr\\\/?s={search_term_string}\"},\"query-input\":{\"@type\":\"PropertyValueSpecification\",\"valueRequired\":true,\"valueName\":\"search_term_string\"}}],\"inLanguage\":\"fr-FR\"}]}<\/script>\n<!-- \/ Yoast SEO plugin. -->","yoast_head_json":{"title":"\u00c0 propos - uStock Self Storage","description":"Avec des ann\u00e9es d'exp\u00e9rience dans le secteur du stockage en Valais (Suisse), notre \u00e9quipe conna\u00eet toutes les ficelles du m\u00e9tier.","robots":{"index":"index","follow":"follow","max-snippet":"max-snippet:-1","max-image-preview":"max-image-preview:large","max-video-preview":"max-video-preview:-1"},"canonical":"https:\/\/ustock.ch\/fr\/a-propos-de-nous\/","og_locale":"fr_FR","og_type":"article","og_title":"About us - uStock Self Storage","og_description":"With years of experience in the storage industry in Valais (Switzerland), our team knows all the tricks. Read our story.","og_url":"https:\/\/ustock.ch\/fr\/a-propos-de-nous\/","og_site_name":"uStock Self Storage","article_modified_time":"2023-12-01T09:16:41+00:00","og_image":[{"width":580,"height":580,"url":"https:\/\/ustock.ch\/wp-content\/uploads\/2022\/11\/K-Ustock-About-U-Stock-2.jpg","type":"image\/jpeg"}],"twitter_card":"summary_large_image","twitter_misc":{"Dur\u00e9e de lecture estim\u00e9e":"1 minute"},"schema":{"@context":"https:\/\/schema.org","@graph":[{"@type":"WebPage","@id":"https:\/\/ustock.ch\/a-propos-de-nous\/","url":"https:\/\/ustock.ch\/a-propos-de-nous\/","name":"\u00c0 propos - uStock Self Storage","isPartOf":{"@id":"http:\/\/ustock.ch\/fr\/#website"},"primaryImageOfPage":{"@id":"https:\/\/ustock.ch\/a-propos-de-nous\/#primaryimage"},"image":{"@id":"https:\/\/ustock.ch\/a-propos-de-nous\/#primaryimage"},"thumbnailUrl":"https:\/\/ustock.ch\/wp-content\/uploads\/2022\/11\/K-Ustock-About-U-Stock-2.jpg","datePublished":"2021-10-12T13:51:09+00:00","dateModified":"2023-12-01T09:16:41+00:00","description":"Avec des ann\u00e9es d'exp\u00e9rience dans le secteur du stockage en Valais (Suisse), notre \u00e9quipe conna\u00eet toutes les ficelles du m\u00e9tier.","breadcrumb":{"@id":"https:\/\/ustock.ch\/a-propos-de-nous\/#breadcrumb"},"inLanguage":"fr-FR","potentialAction":[{"@type":"ReadAction","target":["https:\/\/ustock.ch\/a-propos-de-nous\/"]}]},{"@type":"ImageObject","inLanguage":"fr-FR","@id":"https:\/\/ustock.ch\/a-propos-de-nous\/#primaryimage","url":"https:\/\/ustock.ch\/wp-content\/uploads\/2022\/11\/K-Ustock-About-U-Stock-2.jpg","contentUrl":"https:\/\/ustock.ch\/wp-content\/uploads\/2022\/11\/K-Ustock-About-U-Stock-2.jpg","width":580,"height":580},{"@type":"BreadcrumbList","@id":"https:\/\/ustock.ch\/a-propos-de-nous\/#breadcrumb","itemListElement":[{"@type":"ListItem","position":1,"name":"Home","item":"https:\/\/ustock.ch\/en\/"},{"@type":"ListItem","position":2,"name":"About us"}]},{"@type":"WebSite","@id":"http:\/\/ustock.ch\/fr\/#website","url":"http:\/\/ustock.ch\/fr\/","name":"uStock Self Storage","description":"","potentialAction":[{"@type":"SearchAction","target":{"@type":"EntryPoint","urlTemplate":"http:\/\/ustock.ch\/fr\/?s={search_term_string}"},"query-input":{"@type":"PropertyValueSpecification","valueRequired":true,"valueName":"search_term_string"}}],"inLanguage":"fr-FR"}]}},"_links":{"self":[{"href":"https:\/\/ustock.ch\/fr\/wp-json\/wp\/v2\/pages\/4400","targetHints":{"allow":["GET"]}}],"collection":[{"href":"https:\/\/ustock.ch\/fr\/wp-json\/wp\/v2\/pages"}],"about":[{"href":"https:\/\/ustock.ch\/fr\/wp-json\/wp\/v2\/types\/page"}],"author":[{"embeddable":true,"href":"https:\/\/ustock.ch\/fr\/wp-json\/wp\/v2\/users\/8"}],"replies":[{"embeddable":true,"href":"https:\/\/ustock.ch\/fr\/wp-json\/wp\/v2\/comments?post=4400"}],"version-history":[{"count":92,"href":"https:\/\/ustock.ch\/fr\/wp-json\/wp\/v2\/pages\/4400\/revisions"}],"predecessor-version":[{"id":33513,"href":"https:\/\/ustock.ch\/fr\/wp-json\/wp\/v2\/pages\/4400\/revisions\/33513"}],"wp:featuredmedia":[{"embeddable":true,"href":"https:\/\/ustock.ch\/fr\/wp-json\/wp\/v2\/media\/31173"}],"wp:attachment":[{"href":"https:\/\/ustock.ch\/fr\/wp-json\/wp\/v2\/media?parent=4400"}],"curies":[{"name":"wp","href":"https:\/\/api.w.org\/{rel}","templated":true}]}}