{"id":31611,"date":"2022-12-05T07:31:22","date_gmt":"2022-12-05T06:31:22","guid":{"rendered":"https:\/\/ustock.ch\/?post_type=product&#038;p=31611"},"modified":"2025-02-21T03:44:20","modified_gmt":"2025-02-21T02:44:20","slug":"15-m2","status":"publish","type":"product","link":"https:\/\/ustock.ch\/fr\/produit\/15-m2\/","title":{"rendered":"15 m<sup>2<\/sup>"},"content":{"rendered":"","protected":false},"excerpt":{"rendered":"<p>\u00cates-vous \u00e0 la recherche d'un espace de stockage en Suisse ?<\/p>\n<p>Utilisez cette box de 15 m<sup>2<\/sup> pour entreposer vos affaires.<\/p>\n<p>Vous ne savez pas de quel volume vous avez besoin ? Testez notre <a href=\"https:\/\/ustock.ch\/calculator\/\"><span style=\"text-decoration: underline;\"><strong>calculateur d'espace.<\/strong><\/span><\/a><\/p>\n<p>Jetez un oeil \u00e0 la <a href=\"https:\/\/ustock.ch\/faqs\/\"><span style=\"text-decoration: underline;\"><strong>page FAQ<\/strong><\/span><\/a> afin de savoir ce que vous pouvez stocker dans votre unit\u00e9.<\/p>\n<p>Des chariots de transport sont disponibles sur place pour vous aider \u00e0 d\u00e9placer vos affaires.<\/p>\n<p>Un doute ou une question ? Prenez rendez-vous avec notre \u00e9quipe ou <a href=\"https:\/\/ustock.ch\/contact-us\/\"><span style=\"text-decoration: underline;\"><strong>appelez-nous.<\/strong><\/span><\/a><\/p>","protected":false},"featured_media":31612,"template":"","meta":[],"product_brand":[],"product_cat":[144],"product_tag":[],"class_list":{"0":"post-31611","1":"product","2":"type-product","3":"status-publish","4":"has-post-thumbnail","6":"product_cat-extralarge","7":"pa_height-2-55m","8":"pa_location-martigny","9":"pa_location-sierre","10":"pa_size-xl","11":"pa_surface-15m2","13":"first","14":"instock","15":"shipping-taxable","16":"product-type-external"},"yoast_head":"<!-- This site is optimized with the Yoast SEO plugin v27.3 - https:\/\/yoast.com\/product\/yoast-seo-wordpress\/ -->\n<title>15 m2 storage unit - uStock Self Storage Switzerland<\/title>\n<meta name=\"description\" content=\"Are you looking for a self storage unit in Switzerland with professional services ? Check out our 15 m2 storage unit! Flexible monthly leases.\" \/>\n<meta name=\"robots\" content=\"index, follow, max-snippet:-1, max-image-preview:large, max-video-preview:-1\" \/>\n<link rel=\"canonical\" href=\"https:\/\/ustock.ch\/fr\/produit\/15-m2\/\" \/>\n<meta property=\"og:locale\" content=\"fr_FR\" \/>\n<meta property=\"og:type\" content=\"article\" \/>\n<meta property=\"og:title\" content=\"15 m2 storage unit - uStock Self Storage Switzerland\" \/>\n<meta property=\"og:description\" content=\"Are you looking for a self storage unit in Switzerland with professional services ? Check out our 15 m2 storage unit! Flexible monthly leases.\" \/>\n<meta property=\"og:url\" content=\"https:\/\/ustock.ch\/fr\/produit\/15-m2\/\" \/>\n<meta property=\"og:site_name\" content=\"uStock Self Storage\" \/>\n<meta property=\"article:modified_time\" content=\"2025-02-21T02:44:20+00:00\" \/>\n<meta property=\"og:image\" content=\"https:\/\/ustock.ch\/wp-content\/uploads\/2022\/12\/15-pink-min-1.png\" \/>\n\t<meta property=\"og:image:width\" content=\"800\" \/>\n\t<meta property=\"og:image:height\" content=\"800\" \/>\n\t<meta property=\"og:image:type\" content=\"image\/png\" \/>\n<meta name=\"twitter:card\" content=\"summary_large_image\" \/>\n<meta name=\"twitter:label1\" content=\"Dur\u00e9e de lecture estim\u00e9e\" \/>\n\t<meta name=\"twitter:data1\" content=\"1 minute\" \/>\n<script type=\"application\/ld+json\" class=\"yoast-schema-graph\">{\"@context\":\"https:\\\/\\\/schema.org\",\"@graph\":[{\"@type\":\"WebPage\",\"@id\":\"https:\\\/\\\/ustock.ch\\\/product\\\/15-m2\\\/\",\"url\":\"https:\\\/\\\/ustock.ch\\\/product\\\/15-m2\\\/\",\"name\":\"15 m2 storage unit - uStock Self Storage Switzerland\",\"isPartOf\":{\"@id\":\"http:\\\/\\\/ustock.ch\\\/fr\\\/#website\"},\"primaryImageOfPage\":{\"@id\":\"https:\\\/\\\/ustock.ch\\\/product\\\/15-m2\\\/#primaryimage\"},\"image\":{\"@id\":\"https:\\\/\\\/ustock.ch\\\/product\\\/15-m2\\\/#primaryimage\"},\"thumbnailUrl\":\"https:\\\/\\\/ustock.ch\\\/wp-content\\\/uploads\\\/2022\\\/12\\\/15-pink-min-1.png\",\"datePublished\":\"2022-12-05T06:31:22+00:00\",\"dateModified\":\"2025-02-21T02:44:20+00:00\",\"description\":\"Are you looking for a self storage unit in Switzerland with professional services ? Check out our 15 m2 storage unit! Flexible monthly leases.\",\"breadcrumb\":{\"@id\":\"https:\\\/\\\/ustock.ch\\\/product\\\/15-m2\\\/#breadcrumb\"},\"inLanguage\":\"fr-FR\",\"potentialAction\":[{\"@type\":\"ReadAction\",\"target\":[\"https:\\\/\\\/ustock.ch\\\/product\\\/15-m2\\\/\"]}]},{\"@type\":\"ImageObject\",\"inLanguage\":\"fr-FR\",\"@id\":\"https:\\\/\\\/ustock.ch\\\/product\\\/15-m2\\\/#primaryimage\",\"url\":\"https:\\\/\\\/ustock.ch\\\/wp-content\\\/uploads\\\/2022\\\/12\\\/15-pink-min-1.png\",\"contentUrl\":\"https:\\\/\\\/ustock.ch\\\/wp-content\\\/uploads\\\/2022\\\/12\\\/15-pink-min-1.png\",\"width\":800,\"height\":800},{\"@type\":\"BreadcrumbList\",\"@id\":\"https:\\\/\\\/ustock.ch\\\/product\\\/15-m2\\\/#breadcrumb\",\"itemListElement\":[{\"@type\":\"ListItem\",\"position\":1,\"name\":\"Home\",\"item\":\"https:\\\/\\\/ustock.ch\\\/en\\\/\"},{\"@type\":\"ListItem\",\"position\":2,\"name\":\"Shop\",\"item\":\"https:\\\/\\\/ustock.ch\\\/fr\\\/shop\\\/\"},{\"@type\":\"ListItem\",\"position\":3,\"name\":\"15 m2\"}]},{\"@type\":\"WebSite\",\"@id\":\"http:\\\/\\\/ustock.ch\\\/fr\\\/#website\",\"url\":\"http:\\\/\\\/ustock.ch\\\/fr\\\/\",\"name\":\"uStock Self Storage\",\"description\":\"\",\"potentialAction\":[{\"@type\":\"SearchAction\",\"target\":{\"@type\":\"EntryPoint\",\"urlTemplate\":\"http:\\\/\\\/ustock.ch\\\/fr\\\/?s={search_term_string}\"},\"query-input\":{\"@type\":\"PropertyValueSpecification\",\"valueRequired\":true,\"valueName\":\"search_term_string\"}}],\"inLanguage\":\"fr-FR\"}]}<\/script>\n<!-- \/ Yoast SEO plugin. -->","yoast_head_json":{"title":"Box \u00e0 louer de 15 m2 - uStock Self Storage Suisse","description":"Vous cherchez une location de box en Suisse avec des services professionnels ? D\u00e9couvrez notre unit\u00e9 de stockage de 15 m2 ! \u00c0 louer d\u00e8s 1 mois.","robots":{"index":"index","follow":"follow","max-snippet":"max-snippet:-1","max-image-preview":"max-image-preview:large","max-video-preview":"max-video-preview:-1"},"canonical":"https:\/\/ustock.ch\/fr\/produit\/15-m2\/","og_locale":"fr_FR","og_type":"article","og_title":"15 m2 storage unit - uStock Self Storage Switzerland","og_description":"Are you looking for a self storage unit in Switzerland with professional services ? Check out our 15 m2 storage unit! Flexible monthly leases.","og_url":"https:\/\/ustock.ch\/fr\/produit\/15-m2\/","og_site_name":"uStock Self Storage","article_modified_time":"2025-02-21T02:44:20+00:00","og_image":[{"width":800,"height":800,"url":"https:\/\/ustock.ch\/wp-content\/uploads\/2022\/12\/15-pink-min-1.png","type":"image\/png"}],"twitter_card":"summary_large_image","twitter_misc":{"Dur\u00e9e de lecture estim\u00e9e":"1 minute"},"schema":{"@context":"https:\/\/schema.org","@graph":[{"@type":"WebPage","@id":"https:\/\/ustock.ch\/product\/15-m2\/","url":"https:\/\/ustock.ch\/product\/15-m2\/","name":"Box \u00e0 louer de 15 m2 - uStock Self Storage Suisse","isPartOf":{"@id":"http:\/\/ustock.ch\/fr\/#website"},"primaryImageOfPage":{"@id":"https:\/\/ustock.ch\/product\/15-m2\/#primaryimage"},"image":{"@id":"https:\/\/ustock.ch\/product\/15-m2\/#primaryimage"},"thumbnailUrl":"https:\/\/ustock.ch\/wp-content\/uploads\/2022\/12\/15-pink-min-1.png","datePublished":"2022-12-05T06:31:22+00:00","dateModified":"2025-02-21T02:44:20+00:00","description":"Vous cherchez une location de box en Suisse avec des services professionnels ? D\u00e9couvrez notre unit\u00e9 de stockage de 15 m2 ! \u00c0 louer d\u00e8s 1 mois.","breadcrumb":{"@id":"https:\/\/ustock.ch\/product\/15-m2\/#breadcrumb"},"inLanguage":"fr-FR","potentialAction":[{"@type":"ReadAction","target":["https:\/\/ustock.ch\/product\/15-m2\/"]}]},{"@type":"ImageObject","inLanguage":"fr-FR","@id":"https:\/\/ustock.ch\/product\/15-m2\/#primaryimage","url":"https:\/\/ustock.ch\/wp-content\/uploads\/2022\/12\/15-pink-min-1.png","contentUrl":"https:\/\/ustock.ch\/wp-content\/uploads\/2022\/12\/15-pink-min-1.png","width":800,"height":800},{"@type":"BreadcrumbList","@id":"https:\/\/ustock.ch\/product\/15-m2\/#breadcrumb","itemListElement":[{"@type":"ListItem","position":1,"name":"Home","item":"https:\/\/ustock.ch\/en\/"},{"@type":"ListItem","position":2,"name":"Shop","item":"https:\/\/ustock.ch\/fr\/shop\/"},{"@type":"ListItem","position":3,"name":"15 m2"}]},{"@type":"WebSite","@id":"http:\/\/ustock.ch\/fr\/#website","url":"http:\/\/ustock.ch\/fr\/","name":"uStock Self Storage","description":"","potentialAction":[{"@type":"SearchAction","target":{"@type":"EntryPoint","urlTemplate":"http:\/\/ustock.ch\/fr\/?s={search_term_string}"},"query-input":{"@type":"PropertyValueSpecification","valueRequired":true,"valueName":"search_term_string"}}],"inLanguage":"fr-FR"}]}},"_links":{"self":[{"href":"https:\/\/ustock.ch\/fr\/wp-json\/wp\/v2\/product\/31611","targetHints":{"allow":["GET"]}}],"collection":[{"href":"https:\/\/ustock.ch\/fr\/wp-json\/wp\/v2\/product"}],"about":[{"href":"https:\/\/ustock.ch\/fr\/wp-json\/wp\/v2\/types\/product"}],"version-history":[{"count":5,"href":"https:\/\/ustock.ch\/fr\/wp-json\/wp\/v2\/product\/31611\/revisions"}],"predecessor-version":[{"id":32836,"href":"https:\/\/ustock.ch\/fr\/wp-json\/wp\/v2\/product\/31611\/revisions\/32836"}],"wp:featuredmedia":[{"embeddable":true,"href":"https:\/\/ustock.ch\/fr\/wp-json\/wp\/v2\/media\/31612"}],"wp:attachment":[{"href":"https:\/\/ustock.ch\/fr\/wp-json\/wp\/v2\/media?parent=31611"}],"wp:term":[{"taxonomy":"product_brand","embeddable":true,"href":"https:\/\/ustock.ch\/fr\/wp-json\/wp\/v2\/product_brand?post=31611"},{"taxonomy":"product_cat","embeddable":true,"href":"https:\/\/ustock.ch\/fr\/wp-json\/wp\/v2\/product_cat?post=31611"},{"taxonomy":"product_tag","embeddable":true,"href":"https:\/\/ustock.ch\/fr\/wp-json\/wp\/v2\/product_tag?post=31611"}],"curies":[{"name":"wp","href":"https:\/\/api.w.org\/{rel}","templated":true}]}}